{"id":58,"date":"2016-06-13T16:11:07","date_gmt":"2016-06-13T16:11:07","guid":{"rendered":"http:\/\/sw-themes.com\/porto_dummy\/?page_id=58"},"modified":"2024-08-25T14:45:05","modified_gmt":"2024-08-25T14:45:05","slug":"hakkimizda","status":"publish","type":"page","link":"https:\/\/www.ngscelik.com.tr\/en\/hakkimizda\/","title":{"rendered":"About us"},"content":{"rendered":"<section class=\"wpb-content-wrapper\"><div class=\"vc_row wpb_row row top-row\"><div class=\"vc_column_container col-md-6\"><div class=\"wpb_wrapper vc_column-inner\"><h2 style=\"font-size: 27px\" class=\"vc_custom_heading align-left\" ><b>NGS DEM\u0130R \u00c7EL\u0130K<\/b><\/h2>\n\t<div class=\"wpb_text_column wpb_content_element\" >\n\t\t<div class=\"wpb_wrapper\">\n\t\t\t<p><span style=\"font-size: 17px;\"><strong>Our organization:<\/strong><\/span><br \/>\n<strong>NGS Demir \u00c7elik<\/strong>21 September 2021 on the ongoing construction of the Akkuyu nuclear power plant in Akkuyu, Mersin was established in order to supply material. To respond optimally to the needs of our company in the industry with reliable, quality and timely delivery with the principles of serves.<\/p>\n<p><span style=\"font-size: 17px;\"><strong>Our mission:<\/strong><\/span><br \/>\nAs a reliable solution partner in the iron and steel industry, we offer quality products to meet the needs of our customers at the highest level. We aim to contribute to the development of the sector by keeping customer satisfaction at the forefront of everything.<\/p>\n<p><span style=\"font-size: 17px;\"><strong>Our vision:<\/strong><\/span><br \/>\n<strong>NGS Demir \u00c7elik<\/strong> as we aim to be an innovative and leading brand in the industry. Our aim as a preferred company in national and international projects, long-term to establish business partnerships.<\/p>\n\n\t\t<\/div>\n\t<\/div>\n<\/div><\/div><div class=\"vc_column_container col-md-6\"><div class=\"wpb_wrapper vc_column-inner\">\r\n\t<div class=\"wpb_single_image wpb_content_element vc_align_left\">\r\n\t\t<div class=\"wpb_wrapper\">\r\n\t\t\t\r\n\t\t\t<div class=\"vc_single_image-wrapper vc_box_shadow_border  vc_box_border_grey\"><img loading=\"lazy\" decoding=\"async\" width=\"900\" height=\"766\" src=\"https:\/\/www.ngscelik.com.tr\/wp-content\/uploads\/2024\/08\/hakkimizda-img-2.jpg\" class=\"vc_single_image-img attachment-full\" alt=\"\" title=\"\" srcset=\"https:\/\/www.ngscelik.com.tr\/wp-content\/uploads\/2024\/08\/hakkimizda-img-2.jpg 900w, https:\/\/www.ngscelik.com.tr\/wp-content\/uploads\/2024\/08\/hakkimizda-img-2-768x654.jpg 768w, https:\/\/www.ngscelik.com.tr\/wp-content\/uploads\/2024\/08\/hakkimizda-img-2-640x545.jpg 640w, https:\/\/www.ngscelik.com.tr\/wp-content\/uploads\/2024\/08\/hakkimizda-img-2-400x340.jpg 400w\" sizes=\"auto, (max-width: 900px) 100vw, 900px\" \/><\/div>\r\n\t\t<\/div>\r\n\t<\/div>\r\n<\/div><\/div><div class=\"vc_column_container col-md-12\"><div class=\"wpb_wrapper vc_column-inner\">\n\t<div class=\"wpb_text_column wpb_content_element\" >\n\t\t<div class=\"wpb_wrapper\">\n\t\t\t<p><span style=\"font-size: 17px;\"><strong>Our values:<\/strong><\/span><br \/>\n<strong>Quality:<\/strong> The materials we supply are quality and safety.<br \/>\n<strong>Trust:<\/strong> Transparency and reliability are the most important principles in our dealings with our clients.<br \/>\n<strong>Innovation:<\/strong> We offer innovative solutions and continuously improve ourselves.<br \/>\n<strong>Environmental Sensitivity:<\/strong> By following environmentally sensitive production process, we are working for a sustainable future.<\/p>\n<p><span style=\"font-size: 17px;\"><strong>Our services:<\/strong><\/span><br \/>\nOur company offers a wide range of products in the iron and steel industry. For our customers needs by offering solutions, we add value to your projects.<\/p>\n<p><strong><span style=\"font-size: 17px;\">Why Us?<\/span><br \/>\nNGS Demir \u00c7elik<\/strong> as our experience in the industry, quality products and our customer-oriented approach, we are creating the difference. By choosing to work with us, moving with the convenience of a reliable partner in every stage of your project you can experience.<\/p>\n\n\t\t<\/div>\n\t<\/div>\n<\/div><\/div><\/div>\n<\/section>","protected":false},"excerpt":{"rendered":"NGS DEM\u0130R \u00c7EL\u0130K Kurulu\u015fumuz: NGS Demir \u00c7elik, 21 Eyl\u00fcl 2021 tarihinde Mersin Akkuyu'da yap\u0131m\u0131 devam eden Akkuyu N\u00fckleer Santrali'ne malzeme tedari\u011fi sa\u011flamak amac\u0131yla kurulmu\u015ftur. \u015eirketimiz, sekt\u00f6rdeki ihtiya\u00e7lara en iyi \u015fekilde cevap verebilmek i\u00e7in g\u00fcvenilir, kaliteli ve zaman\u0131nda teslimat ilkeleriyle hizmet vermektedir. Misyonumuz: Demir \u00e7elik sekt\u00f6r\u00fcnde g\u00fcvenilir bir \u00e7\u00f6z\u00fcm orta\u011f\u0131 olarak, m\u00fc\u015fterilerimizin ihtiya\u00e7lar\u0131n\u0131 en \u00fcst seviyede [...]","protected":false},"author":1,"featured_media":0,"parent":0,"menu_order":0,"comment_status":"closed","ping_status":"closed","template":"","meta":{"footnotes":""},"class_list":["post-58","page","type-page","status-publish","hentry"],"_links":{"self":[{"href":"https:\/\/www.ngscelik.com.tr\/en\/wp-json\/wp\/v2\/pages\/58","targetHints":{"allow":["GET"]}}],"collection":[{"href":"https:\/\/www.ngscelik.com.tr\/en\/wp-json\/wp\/v2\/pages"}],"about":[{"href":"https:\/\/www.ngscelik.com.tr\/en\/wp-json\/wp\/v2\/types\/page"}],"author":[{"embeddable":true,"href":"https:\/\/www.ngscelik.com.tr\/en\/wp-json\/wp\/v2\/users\/1"}],"replies":[{"embeddable":true,"href":"https:\/\/www.ngscelik.com.tr\/en\/wp-json\/wp\/v2\/comments?post=58"}],"version-history":[{"count":13,"href":"https:\/\/www.ngscelik.com.tr\/en\/wp-json\/wp\/v2\/pages\/58\/revisions"}],"predecessor-version":[{"id":2823,"href":"https:\/\/www.ngscelik.com.tr\/en\/wp-json\/wp\/v2\/pages\/58\/revisions\/2823"}],"wp:attachment":[{"href":"https:\/\/www.ngscelik.com.tr\/en\/wp-json\/wp\/v2\/media?parent=58"}],"curies":[{"name":"wp","href":"https:\/\/api.w.org\/{rel}","templated":true}]}}