{"id":2784,"date":"2024-08-25T07:24:35","date_gmt":"2024-08-25T07:24:35","guid":{"rendered":"https:\/\/www.ngscelik.com.tr\/?page_id=2784"},"modified":"2024-08-30T06:53:02","modified_gmt":"2024-08-30T06:53:02","slug":"asma-tavan-grubu","status":"publish","type":"page","link":"https:\/\/www.ngscelik.com.tr\/en\/urunlerimiz\/asma-tavan-grubu\/","title":{"rendered":"SUSPENDED CEILING GROUP"},"content":{"rendered":"<section class=\"wpb-content-wrapper\"><div class=\"vc_row wpb_row row top-row\"><div class=\"vc_column_container col-md-4\"><div class=\"wpb_wrapper vc_column-inner\">\r\n\t<div class=\"wpb_single_image wpb_content_element vc_align_center\">\r\n\t\t<div class=\"wpb_wrapper\">\r\n\t\t\t\r\n\t\t\t<a class=\"prettyphoto\" data-rel=\"prettyPhoto[rel-2784-2481957319]\" href=\"https:\/\/www.ngscelik.com.tr\/wp-content\/uploads\/2024\/08\/asma-tavan.jpg\" target=\"_self\"><div class=\"vc_single_image-wrapper vc_box_shadow_border  vc_box_border_grey\"><img loading=\"lazy\" decoding=\"async\" width=\"800\" height=\"800\" src=\"https:\/\/www.ngscelik.com.tr\/wp-content\/uploads\/2024\/08\/asma-tavan.jpg\" class=\"vc_single_image-img attachment-full\" alt=\"\" title=\"\" srcset=\"https:\/\/www.ngscelik.com.tr\/wp-content\/uploads\/2024\/08\/asma-tavan.jpg 800w, https:\/\/www.ngscelik.com.tr\/wp-content\/uploads\/2024\/08\/asma-tavan-768x768.jpg 768w, https:\/\/www.ngscelik.com.tr\/wp-content\/uploads\/2024\/08\/asma-tavan-640x640.jpg 640w, https:\/\/www.ngscelik.com.tr\/wp-content\/uploads\/2024\/08\/asma-tavan-400x400.jpg 400w\" sizes=\"auto, (max-width: 800px) 100vw, 800px\" \/><\/div><\/a>\r\n\t\t<\/div>\r\n\t<\/div>\r\n<\/div><\/div><div class=\"vc_column_container col-md-4\"><div class=\"wpb_wrapper vc_column-inner\">\r\n\t<div class=\"wpb_single_image wpb_content_element vc_align_center\">\r\n\t\t<div class=\"wpb_wrapper\">\r\n\t\t\t\r\n\t\t\t<a class=\"prettyphoto\" data-rel=\"prettyPhoto[rel-2784-1692693180]\" href=\"https:\/\/www.ngscelik.com.tr\/wp-content\/uploads\/2024\/08\/asma-tavan-1.jpg\" target=\"_self\"><div class=\"vc_single_image-wrapper vc_box_shadow_border  vc_box_border_grey\"><img loading=\"lazy\" decoding=\"async\" width=\"800\" height=\"800\" src=\"https:\/\/www.ngscelik.com.tr\/wp-content\/uploads\/2024\/08\/asma-tavan-1.jpg\" class=\"vc_single_image-img attachment-full\" alt=\"\" title=\"\" srcset=\"https:\/\/www.ngscelik.com.tr\/wp-content\/uploads\/2024\/08\/asma-tavan-1.jpg 800w, https:\/\/www.ngscelik.com.tr\/wp-content\/uploads\/2024\/08\/asma-tavan-1-768x768.jpg 768w, https:\/\/www.ngscelik.com.tr\/wp-content\/uploads\/2024\/08\/asma-tavan-1-640x640.jpg 640w, https:\/\/www.ngscelik.com.tr\/wp-content\/uploads\/2024\/08\/asma-tavan-1-400x400.jpg 400w\" sizes=\"auto, (max-width: 800px) 100vw, 800px\" \/><\/div><\/a>\r\n\t\t<\/div>\r\n\t<\/div>\r\n<\/div><\/div><div class=\"vc_column_container col-md-4\"><div class=\"wpb_wrapper vc_column-inner\">\r\n\t<div class=\"wpb_single_image wpb_content_element vc_align_center\">\r\n\t\t<div class=\"wpb_wrapper\">\r\n\t\t\t\r\n\t\t\t<a class=\"prettyphoto\" data-rel=\"prettyPhoto[rel-2784-2096179036]\" href=\"https:\/\/www.ngscelik.com.tr\/wp-content\/uploads\/2024\/08\/asma-tavan-2.jpg\" target=\"_self\"><div class=\"vc_single_image-wrapper vc_box_shadow_border  vc_box_border_grey\"><img loading=\"lazy\" decoding=\"async\" width=\"800\" height=\"800\" src=\"https:\/\/www.ngscelik.com.tr\/wp-content\/uploads\/2024\/08\/asma-tavan-2.jpg\" class=\"vc_single_image-img attachment-full\" alt=\"\" title=\"\" srcset=\"https:\/\/www.ngscelik.com.tr\/wp-content\/uploads\/2024\/08\/asma-tavan-2.jpg 800w, https:\/\/www.ngscelik.com.tr\/wp-content\/uploads\/2024\/08\/asma-tavan-2-768x768.jpg 768w, https:\/\/www.ngscelik.com.tr\/wp-content\/uploads\/2024\/08\/asma-tavan-2-640x640.jpg 640w, https:\/\/www.ngscelik.com.tr\/wp-content\/uploads\/2024\/08\/asma-tavan-2-400x400.jpg 400w\" sizes=\"auto, (max-width: 800px) 100vw, 800px\" \/><\/div><\/a>\r\n\t\t<\/div>\r\n\t<\/div>\r\n<\/div><\/div><\/div><div class=\"vc_row wpb_row row top-row\"><div class=\"vc_column_container col-md-12\"><div class=\"wpb_wrapper vc_column-inner\">\n\t<div class=\"wpb_text_column wpb_content_element\" >\n\t\t<div class=\"wpb_wrapper\">\n\t\t\t<h4>1. Suspended Ceiling Systems:<\/h4>\n<p><strong>Lattice Systems:<\/strong><br \/>\nMetal cage systems, infrastructure, provides a lightweight and durable roof. These systems are used in the assembly of suspended ceiling panels and is compatible with a variety of materials.<br \/>\n<strong>High Ceiling Systems:<\/strong><br \/>\nLarge open spaces, high ceiling systems provides a view that is aesthetic and functional. These systems are large spaces in an aesthetic solution.<\/p>\n<h4>2. Ceiling Panels:<\/h4>\n<p><strong>Mineral Panels:<\/strong><br \/>\nMineral panels that provide high sound insulation and fire resistance, usually in offices, educational institutions and health facilities are used. These panels are clean and look modern.<br \/>\n<strong>Aluminum Panels:<\/strong><br \/>\nWith striking durability and lightness, aluminium panels, aesthetic and functional solutions. It is often desirable in modern interiors.<br \/>\n<strong>PVC Panels:<\/strong><br \/>\nWater and moisture resistant PVC panels can be used in damp environments such as bathrooms and kitchens. Easy to clean, and offers a variety of color options.<\/p>\n<h4>3. Suspended Ceiling Profiles:<\/h4>\n<p><strong>Aluminium Profiles:<\/strong><br \/>\nLightweight and durable aluminum profiles, used for installation of ceiling systems. Offers solutions that are compatible with various shape and size options.<br \/>\n<strong>Steel Profiles:<\/strong><br \/>\nDurable steel profiles, provides a reliable support for large areas with high load carrying capacity.<\/p>\n<h4>4. Lighting and Accessories:<\/h4>\n<p><strong>Recessed Lighting Systems:<\/strong><br \/>\nSuspended ceiling systems and solutions that are compatible with recessed lighting, venues and lighting ensures a modern aesthetic.<br \/>\n<strong>Spot lights and LED strips:<\/strong><br \/>\nSpot lights and LED strips, ceiling, lighting options that can be integrated with it. Energy efficiency and offers a stylish look.<br \/>\n<strong>Ventilation Grilles:<\/strong><br \/>\nSpecially designed for suspended ceiling systems ventilation grilles, and regulates the flow of air improves the comfort of the interior.<\/p>\n<h4>5. Acoustic Ceiling Solutions:<\/h4>\n<p><strong>Sound Insulation Panels:<\/strong><br \/>\nAcoustic ceiling panels, sound insulation and acoustic comfort. Especially meeting rooms, studios, and is used in the fields of Education.<br \/>\n<strong>Sound Absorbing Panels:<\/strong><br \/>\nSound-absorbing panels, provides a more comfortable by reducing interior noise and Echo. Different color and pattern options with a cosmetic solution.<\/p>\n<h4>Quality and standards:<\/h4>\n<p><strong>Compliance With International Standards:<\/strong><br \/>\nAll our products are ceiling, ISO, En and other international standards is manufactured in accordance with. This ensures the quality and reliability of our products.<\/p>\n<p><strong>Aesthetics and Functionality:<\/strong><br \/>\nSuspended ceiling coating our products in order to meet the needs of various aesthetic and functional design and offers a variety of options. Your place to a modern and stylish appearance.<\/p>\n<p><strong>Energy Efficiency:<\/strong><br \/>\nLED lighting and energy efficient using materials, energy saving and long lasting performance.<\/p>\n<p><strong>Easy installation and maintenance:<\/strong><br \/>\nOur products enables easy installation and maintenance. This provides an efficient use in your projects and save you time.<\/p>\n<h4>Application Areas:<\/h4>\n<p>Suspended ceiling, Group products, offices, commercial spaces, residences, educational institutions, medical facilities and many more are used in indoor applications. Aesthetics, functionality and acoustic comfort if you are looking for, NGS solutions to iron and steel is an ideal choice.<\/p>\n\n\t\t<\/div>\n\t<\/div>\n<\/div><\/div><\/div>\n<\/section>","protected":false},"excerpt":{"rendered":"1. Asma Tavan Sistemleri: Kafes Sistemleri: Metal kafes sistemleri, hafif ve dayan\u0131kl\u0131 bir \u00e7at\u0131 altyap\u0131s\u0131 sa\u011flar. Bu sistemler, asma tavan panellerinin montaj\u0131nda kullan\u0131l\u0131r ve \u00e7e\u015fitli malzemelerle uyumlu \u00e7al\u0131\u015f\u0131r. Y\u00fcksek Tavan Sistemleri: B\u00fcy\u00fck ve a\u00e7\u0131k alanlarda kullan\u0131lan y\u00fcksek tavan sistemleri, estetik ve i\u015flevsel bir g\u00f6r\u00fcn\u00fcm sa\u011flar. Bu sistemler, geni\u015f mekanlarda estetik bir \u00e7\u00f6z\u00fcmd\u00fcr. 2. Tavan Panelleri: [...]","protected":false},"author":1,"featured_media":0,"parent":2632,"menu_order":0,"comment_status":"closed","ping_status":"closed","template":"","meta":{"footnotes":""},"class_list":["post-2784","page","type-page","status-publish","hentry"],"_links":{"self":[{"href":"https:\/\/www.ngscelik.com.tr\/en\/wp-json\/wp\/v2\/pages\/2784","targetHints":{"allow":["GET"]}}],"collection":[{"href":"https:\/\/www.ngscelik.com.tr\/en\/wp-json\/wp\/v2\/pages"}],"about":[{"href":"https:\/\/www.ngscelik.com.tr\/en\/wp-json\/wp\/v2\/types\/page"}],"author":[{"embeddable":true,"href":"https:\/\/www.ngscelik.com.tr\/en\/wp-json\/wp\/v2\/users\/1"}],"replies":[{"embeddable":true,"href":"https:\/\/www.ngscelik.com.tr\/en\/wp-json\/wp\/v2\/comments?post=2784"}],"version-history":[{"count":4,"href":"https:\/\/www.ngscelik.com.tr\/en\/wp-json\/wp\/v2\/pages\/2784\/revisions"}],"predecessor-version":[{"id":2869,"href":"https:\/\/www.ngscelik.com.tr\/en\/wp-json\/wp\/v2\/pages\/2784\/revisions\/2869"}],"up":[{"embeddable":true,"href":"https:\/\/www.ngscelik.com.tr\/en\/wp-json\/wp\/v2\/pages\/2632"}],"wp:attachment":[{"href":"https:\/\/www.ngscelik.com.tr\/en\/wp-json\/wp\/v2\/media?parent=2784"}],"curies":[{"name":"wp","href":"https:\/\/api.w.org\/{rel}","templated":true}]}}