{"id":2780,"date":"2024-08-25T07:23:47","date_gmt":"2024-08-25T07:23:47","guid":{"rendered":"https:\/\/www.ngscelik.com.tr\/?page_id=2780"},"modified":"2024-08-30T06:47:42","modified_gmt":"2024-08-30T06:47:42","slug":"yalitim-grubu","status":"publish","type":"page","link":"https:\/\/www.ngscelik.com.tr\/en\/urunlerimiz\/yalitim-grubu\/","title":{"rendered":"INSULATION GROUP"},"content":{"rendered":"<section class=\"wpb-content-wrapper\"><div class=\"vc_row wpb_row row top-row\"><div class=\"vc_column_container col-md-4\"><div class=\"wpb_wrapper vc_column-inner\">\r\n\t<div class=\"wpb_single_image wpb_content_element vc_align_center\">\r\n\t\t<div class=\"wpb_wrapper\">\r\n\t\t\t\r\n\t\t\t<a class=\"prettyphoto\" data-rel=\"prettyPhoto[rel-2780-15630903]\" href=\"https:\/\/www.ngscelik.com.tr\/wp-content\/uploads\/2024\/08\/yalitim-grubu.jpg\" target=\"_self\"><div class=\"vc_single_image-wrapper vc_box_shadow_border  vc_box_border_grey\"><img loading=\"lazy\" decoding=\"async\" width=\"1000\" height=\"1000\" src=\"https:\/\/www.ngscelik.com.tr\/wp-content\/uploads\/2024\/08\/yalitim-grubu.jpg\" class=\"vc_single_image-img attachment-full\" alt=\"\" title=\"\" srcset=\"https:\/\/www.ngscelik.com.tr\/wp-content\/uploads\/2024\/08\/yalitim-grubu.jpg 1000w, https:\/\/www.ngscelik.com.tr\/wp-content\/uploads\/2024\/08\/yalitim-grubu-768x768.jpg 768w, https:\/\/www.ngscelik.com.tr\/wp-content\/uploads\/2024\/08\/yalitim-grubu-640x640.jpg 640w, https:\/\/www.ngscelik.com.tr\/wp-content\/uploads\/2024\/08\/yalitim-grubu-400x400.jpg 400w\" sizes=\"auto, (max-width: 1000px) 100vw, 1000px\" \/><\/div><\/a>\r\n\t\t<\/div>\r\n\t<\/div>\r\n<\/div><\/div><div class=\"vc_column_container col-md-4\"><div class=\"wpb_wrapper vc_column-inner\">\r\n\t<div class=\"wpb_single_image wpb_content_element vc_align_center\">\r\n\t\t<div class=\"wpb_wrapper\">\r\n\t\t\t\r\n\t\t\t<a class=\"prettyphoto\" data-rel=\"prettyPhoto[rel-2780-2172437252]\" href=\"https:\/\/www.ngscelik.com.tr\/wp-content\/uploads\/2024\/08\/yalitim-grubu-1.jpg\" target=\"_self\"><div class=\"vc_single_image-wrapper vc_box_shadow_border  vc_box_border_grey\"><img loading=\"lazy\" decoding=\"async\" width=\"800\" height=\"800\" src=\"https:\/\/www.ngscelik.com.tr\/wp-content\/uploads\/2024\/08\/yalitim-grubu-1.jpg\" class=\"vc_single_image-img attachment-full\" alt=\"\" title=\"\" srcset=\"https:\/\/www.ngscelik.com.tr\/wp-content\/uploads\/2024\/08\/yalitim-grubu-1.jpg 800w, https:\/\/www.ngscelik.com.tr\/wp-content\/uploads\/2024\/08\/yalitim-grubu-1-768x768.jpg 768w, https:\/\/www.ngscelik.com.tr\/wp-content\/uploads\/2024\/08\/yalitim-grubu-1-640x640.jpg 640w, https:\/\/www.ngscelik.com.tr\/wp-content\/uploads\/2024\/08\/yalitim-grubu-1-400x400.jpg 400w\" sizes=\"auto, (max-width: 800px) 100vw, 800px\" \/><\/div><\/a>\r\n\t\t<\/div>\r\n\t<\/div>\r\n<\/div><\/div><div class=\"vc_column_container col-md-4\"><div class=\"wpb_wrapper vc_column-inner\">\r\n\t<div class=\"wpb_single_image wpb_content_element vc_align_center\">\r\n\t\t<div class=\"wpb_wrapper\">\r\n\t\t\t\r\n\t\t\t<a class=\"prettyphoto\" data-rel=\"prettyPhoto[rel-2780-2659117080]\" href=\"https:\/\/www.ngscelik.com.tr\/wp-content\/uploads\/2024\/08\/yalitim-grubu-2.jpg\" target=\"_self\"><div class=\"vc_single_image-wrapper vc_box_shadow_border  vc_box_border_grey\"><img loading=\"lazy\" decoding=\"async\" width=\"800\" height=\"800\" src=\"https:\/\/www.ngscelik.com.tr\/wp-content\/uploads\/2024\/08\/yalitim-grubu-2.jpg\" class=\"vc_single_image-img attachment-full\" alt=\"\" title=\"\" srcset=\"https:\/\/www.ngscelik.com.tr\/wp-content\/uploads\/2024\/08\/yalitim-grubu-2.jpg 800w, https:\/\/www.ngscelik.com.tr\/wp-content\/uploads\/2024\/08\/yalitim-grubu-2-768x768.jpg 768w, https:\/\/www.ngscelik.com.tr\/wp-content\/uploads\/2024\/08\/yalitim-grubu-2-640x640.jpg 640w, https:\/\/www.ngscelik.com.tr\/wp-content\/uploads\/2024\/08\/yalitim-grubu-2-400x400.jpg 400w\" sizes=\"auto, (max-width: 800px) 100vw, 800px\" \/><\/div><\/a>\r\n\t\t<\/div>\r\n\t<\/div>\r\n<\/div><\/div><\/div><div class=\"vc_row wpb_row row top-row\"><div class=\"vc_column_container col-md-12\"><div class=\"wpb_wrapper vc_column-inner\">\n\t<div class=\"wpb_text_column wpb_content_element\" >\n\t\t<div class=\"wpb_wrapper\">\n\t\t\t<h4>1. Thermal Insulation Materials:<\/h4>\n<p><strong>Glass Wool:<\/strong><br \/>\nGlass wool insulation, and sound insulation properties is characterized by high thermal insulation capacity. Typically, roof, wall and floor insulation is used. Provides fire resistance and low thermal conductivity.<br \/>\n<strong>Rock Wool:<\/strong><br \/>\nStone wool insulation, high thermal, acoustic and fire insulation material. Construction projects and various industrial applications, especially in high temperature applications is preferred.<br \/>\n<strong>Polyurethane Foam:<\/strong><br \/>\nPolyurethane foam insulation provides excellent thermal insulation on surfaces with an effective and extensible challenging features. Roof, wall and floor insulation is used.<\/p>\n<h4>2. Sound Insulation Materials:<\/h4>\n<p><strong>Sound Insulation Panels:<\/strong><br \/>\nEspecially offices, studios, and educational institutions for use in sound insulation panels, provides a more comfortable environment by reducing the noise level.<br \/>\n<strong>Acoustic Foam:<\/strong><br \/>\nUsed for sound insulation and acoustic control acoustic foams, Echo and improves sound quality by reducing noise levels. Typically, Studios, meeting rooms and theaters is used.<\/p>\n<h4>3. Waterproofing Materials:<\/h4>\n<p><strong>Waterproofing Membranes:<\/strong><br \/>\nWaterproofing membranes are used to prevent water leaks in buildings. Typically, roofs, foundations and basements, it provides waterproofing.<br \/>\n<strong>Liquid Waterproofing Products:<\/strong><br \/>\nApplication that can be easily applied liquid waterproofing products, especially on complex surfaces provides an effective insulation.<\/p>\n<h4>4. Fire Insulation Materials:<\/h4>\n<p><strong>Fire Insulation Panels:<\/strong><br \/>\nFire resistant panels, used to improve fire safety in buildings. Provides security while preserving the integrity of the structure in the event of fire.<br \/>\n<strong>Fire Foam:<\/strong><br \/>\nFire foam used for fire insulation, high temperature resistant and fire retardant material properties.<\/p>\n<h4>5. Thermal Insulation Products:<\/h4>\n<p><strong>Thermal Insulation Boards:<\/strong><br \/>\nOffered in various thickness and sizes, thermal insulation boards, especially when it is used to improve the energy efficiency of buildings. Roofs, walls and floors is effective.<br \/>\nThermal Insulation Mats:<br \/>\nFlexible and lightweight structure draws attention to thermal insulation mats, pipes, tanks, and other environments in an effective thermal insulation.<\/p>\n<h4>Quality and standards:<\/h4>\n<p><strong>Compliance With International Standards:<\/strong><br \/>\nAll our products are insulation, ISO, En and other international standards manufactured in accordance with our global projects means that these products can be used safely.<\/p>\n<h4>Energy Efficiency:<\/h4>\n<p>Insulation reduces energy consumption and thus reduces operating costs by increasing the energy efficiency of our products.<\/p>\n<h4>Fire Safety:<\/h4>\n<p>Our products are fire insulation, high fire resistance and provides security and increases the safety of this building.<\/p>\n<h4>Water and humidity Resistance:<\/h4>\n<p>Waterproofing materials, water and humidity resistance and long lasting performance, thus prevents structural damage.<\/p>\n<h4>Application Areas:<\/h4>\n<p>Our insulation products, buildings, industrial plants, infrastructure projects from a wide range of use in various applications that require security, comfort and the best selection of buffets. Energy efficiency, reliable solutions to ensure safety and comfort for your projects.<\/p>\n\n\t\t<\/div>\n\t<\/div>\n<\/div><\/div><\/div>\n<\/section>","protected":false},"excerpt":{"rendered":"1. Is\u0131 Yal\u0131t\u0131m Malzemeleri: Cam Y\u00fcn\u00fc: Cam y\u00fcn\u00fc, y\u00fcksek \u0131s\u0131 yal\u0131t\u0131m kapasitesi ve ses yal\u0131t\u0131m\u0131 \u00f6zellikleri ile \u00f6ne \u00e7\u0131kar. Genellikle \u00e7at\u0131, duvar ve zemin yal\u0131t\u0131m\u0131nda kullan\u0131l\u0131r. Yang\u0131n dayan\u0131kl\u0131l\u0131\u011f\u0131 ve d\u00fc\u015f\u00fck \u0131s\u0131 iletkenli\u011fi sa\u011flar. Ta\u015f Y\u00fcn\u00fc: Ta\u015f y\u00fcn\u00fc, y\u00fcksek \u0131s\u0131, ses ve yang\u0131n yal\u0131t\u0131m\u0131 sa\u011flayan bir malzemedir. \u00c7e\u015fitli end\u00fcstriyel uygulamalar ve in\u015faat projelerinde, \u00f6zellikle y\u00fcksek s\u0131cakl\u0131k [...]","protected":false},"author":1,"featured_media":0,"parent":2632,"menu_order":0,"comment_status":"closed","ping_status":"closed","template":"","meta":{"footnotes":""},"class_list":["post-2780","page","type-page","status-publish","hentry"],"_links":{"self":[{"href":"https:\/\/www.ngscelik.com.tr\/en\/wp-json\/wp\/v2\/pages\/2780","targetHints":{"allow":["GET"]}}],"collection":[{"href":"https:\/\/www.ngscelik.com.tr\/en\/wp-json\/wp\/v2\/pages"}],"about":[{"href":"https:\/\/www.ngscelik.com.tr\/en\/wp-json\/wp\/v2\/types\/page"}],"author":[{"embeddable":true,"href":"https:\/\/www.ngscelik.com.tr\/en\/wp-json\/wp\/v2\/users\/1"}],"replies":[{"embeddable":true,"href":"https:\/\/www.ngscelik.com.tr\/en\/wp-json\/wp\/v2\/comments?post=2780"}],"version-history":[{"count":5,"href":"https:\/\/www.ngscelik.com.tr\/en\/wp-json\/wp\/v2\/pages\/2780\/revisions"}],"predecessor-version":[{"id":2865,"href":"https:\/\/www.ngscelik.com.tr\/en\/wp-json\/wp\/v2\/pages\/2780\/revisions\/2865"}],"up":[{"embeddable":true,"href":"https:\/\/www.ngscelik.com.tr\/en\/wp-json\/wp\/v2\/pages\/2632"}],"wp:attachment":[{"href":"https:\/\/www.ngscelik.com.tr\/en\/wp-json\/wp\/v2\/media?parent=2780"}],"curies":[{"name":"wp","href":"https:\/\/api.w.org\/{rel}","templated":true}]}}