{"id":2778,"date":"2024-08-25T07:23:21","date_gmt":"2024-08-25T07:23:21","guid":{"rendered":"https:\/\/www.ngscelik.com.tr\/?page_id=2778"},"modified":"2024-08-30T06:59:31","modified_gmt":"2024-08-30T06:59:31","slug":"boru-grubu","status":"publish","type":"page","link":"https:\/\/www.ngscelik.com.tr\/en\/urunlerimiz\/boru-grubu\/","title":{"rendered":"PIPE GROUP"},"content":{"rendered":"<section class=\"wpb-content-wrapper\"><div class=\"vc_row wpb_row row top-row\"><div class=\"vc_column_container col-md-4\"><div class=\"wpb_wrapper vc_column-inner\">\r\n\t<div class=\"wpb_single_image wpb_content_element vc_align_center\">\r\n\t\t<div class=\"wpb_wrapper\">\r\n\t\t\t\r\n\t\t\t<a class=\"prettyphoto\" data-rel=\"prettyPhoto[rel-2778-3348830985]\" href=\"https:\/\/www.ngscelik.com.tr\/wp-content\/uploads\/2024\/08\/boru-grubu.jpg\" target=\"_self\"><div class=\"vc_single_image-wrapper vc_box_shadow_border  vc_box_border_grey\"><img loading=\"lazy\" decoding=\"async\" width=\"800\" height=\"800\" src=\"https:\/\/www.ngscelik.com.tr\/wp-content\/uploads\/2024\/08\/boru-grubu.jpg\" class=\"vc_single_image-img attachment-full\" alt=\"\" title=\"\" srcset=\"https:\/\/www.ngscelik.com.tr\/wp-content\/uploads\/2024\/08\/boru-grubu.jpg 800w, https:\/\/www.ngscelik.com.tr\/wp-content\/uploads\/2024\/08\/boru-grubu-768x768.jpg 768w, https:\/\/www.ngscelik.com.tr\/wp-content\/uploads\/2024\/08\/boru-grubu-640x640.jpg 640w, https:\/\/www.ngscelik.com.tr\/wp-content\/uploads\/2024\/08\/boru-grubu-400x400.jpg 400w\" sizes=\"auto, (max-width: 800px) 100vw, 800px\" \/><\/div><\/a>\r\n\t\t<\/div>\r\n\t<\/div>\r\n<\/div><\/div><div class=\"vc_column_container col-md-4\"><div class=\"wpb_wrapper vc_column-inner\">\r\n\t<div class=\"wpb_single_image wpb_content_element vc_align_center\">\r\n\t\t<div class=\"wpb_wrapper\">\r\n\t\t\t\r\n\t\t\t<a class=\"prettyphoto\" data-rel=\"prettyPhoto[rel-2778-1535229589]\" href=\"https:\/\/www.ngscelik.com.tr\/wp-content\/uploads\/2024\/08\/boru-grubu-1.jpg\" target=\"_self\"><div class=\"vc_single_image-wrapper vc_box_shadow_border  vc_box_border_grey\"><img loading=\"lazy\" decoding=\"async\" width=\"800\" height=\"800\" src=\"https:\/\/www.ngscelik.com.tr\/wp-content\/uploads\/2024\/08\/boru-grubu-1.jpg\" class=\"vc_single_image-img attachment-full\" alt=\"\" title=\"\" srcset=\"https:\/\/www.ngscelik.com.tr\/wp-content\/uploads\/2024\/08\/boru-grubu-1.jpg 800w, https:\/\/www.ngscelik.com.tr\/wp-content\/uploads\/2024\/08\/boru-grubu-1-768x768.jpg 768w, https:\/\/www.ngscelik.com.tr\/wp-content\/uploads\/2024\/08\/boru-grubu-1-640x640.jpg 640w, https:\/\/www.ngscelik.com.tr\/wp-content\/uploads\/2024\/08\/boru-grubu-1-400x400.jpg 400w\" sizes=\"auto, (max-width: 800px) 100vw, 800px\" \/><\/div><\/a>\r\n\t\t<\/div>\r\n\t<\/div>\r\n<\/div><\/div><div class=\"vc_column_container col-md-4\"><div class=\"wpb_wrapper vc_column-inner\">\r\n\t<div class=\"wpb_single_image wpb_content_element vc_align_center\">\r\n\t\t<div class=\"wpb_wrapper\">\r\n\t\t\t\r\n\t\t\t<a class=\"prettyphoto\" data-rel=\"prettyPhoto[rel-2778-501309510]\" href=\"https:\/\/www.ngscelik.com.tr\/wp-content\/uploads\/2024\/08\/boru-grubu-2.jpg\" target=\"_self\"><div class=\"vc_single_image-wrapper vc_box_shadow_border  vc_box_border_grey\"><img loading=\"lazy\" decoding=\"async\" width=\"800\" height=\"800\" src=\"https:\/\/www.ngscelik.com.tr\/wp-content\/uploads\/2024\/08\/boru-grubu-2.jpg\" class=\"vc_single_image-img attachment-full\" alt=\"\" title=\"\" srcset=\"https:\/\/www.ngscelik.com.tr\/wp-content\/uploads\/2024\/08\/boru-grubu-2.jpg 800w, https:\/\/www.ngscelik.com.tr\/wp-content\/uploads\/2024\/08\/boru-grubu-2-768x768.jpg 768w, https:\/\/www.ngscelik.com.tr\/wp-content\/uploads\/2024\/08\/boru-grubu-2-640x640.jpg 640w, https:\/\/www.ngscelik.com.tr\/wp-content\/uploads\/2024\/08\/boru-grubu-2-400x400.jpg 400w\" sizes=\"auto, (max-width: 800px) 100vw, 800px\" \/><\/div><\/a>\r\n\t\t<\/div>\r\n\t<\/div>\r\n<\/div><\/div><\/div><div class=\"vc_row wpb_row row top-row\"><div class=\"vc_column_container col-md-12\"><div class=\"wpb_wrapper vc_column-inner\">\n\t<div class=\"wpb_text_column wpb_content_element\" >\n\t\t<div class=\"wpb_wrapper\">\n\t\t\t<h4>1. Square and rectangular Tubes:<\/h4>\n<p><strong>Square Pipes:<\/strong><br \/>\nOffering high strength and aesthetic appearance, square pipes, steel constructions, machinery manufacturing, and decorative applications. Offers flexibility with options for various sizes and thickness.<\/p>\n<p><strong>Rectangular Tubes:<\/strong><br \/>\nDurable and versatile, offering rectangular pipes, construction, automotive and Furniture Industries has a wide use. Owing to the lightness and durability is preferred.<\/p>\n<h4>2. Round Pipes:<\/h4>\n<p><strong>Industrial Pipes:<\/strong><br \/>\nRound with industrial pipes high pressure and temperature resistance, chemical, petrochemical and energy sectors is most common.<\/p>\n<p><strong>Construction Pipes:<\/strong><br \/>\nRound tubes are used in construction projects and structural support for the carrier system that durability and long lasting performance.<\/p>\n<p><strong>Drinking water and gas pipes:<\/strong><br \/>\nDrinking water and gas pipes with a special coating which has become resistant against corrosion, infrastructure projects can be used safely.<\/p>\n<h4>3. Galvanized Pipes:<\/h4>\n<p><strong>Corrosion-Resistant Pipes:<\/strong><br \/>\nProvided with extra protection against corrosion zinc coating, galvanized pipes, outdoor applications and is ideal for water and Gas Handling Systems.<\/p>\n<p><strong>Galvanized Structural Tubing:<\/strong><br \/>\nThat offers durability and long life galvanized pipes structural steel in construction and are used in open areas with confidence.<\/p>\n<h4>4. Stainless Steel Pipes:<\/h4>\n<p><strong>Sanitary Pipes:<\/strong><br \/>\nStainless steel pipes, especially in the food, pharmaceutical and chemical industry, it is used in environments that require hygiene. Offers high resistance against corrosion and chemical influences.<\/p>\n<p><strong>Decorative Pipes:<\/strong><br \/>\nStainless steel pipes, which has an aesthetic appearance, is preferred for architectural and decorative applications.<\/p>\n<h4>5. Spiral steel pipes and tubes:<\/h4>\n<p><strong>Spiral Pipes:<\/strong><br \/>\nWith its flexible structure and high strength, spiral pipes, large diameter pipelines and is used in infrastructure projects.<\/p>\n<p><strong>Seamless Pipes:<\/strong><br \/>\nSeamless pipes without welding seams, are used with confidence in applications that require high pressure and high temperature. Oil, gas and energy sectors are widely preferred.<\/p>\n<h4>Quality and standards:<\/h4>\n<p><strong>Compliance With International Standards:<\/strong><br \/>\nAll our products are pipe, ISO, en, ASTM, such as is produced in accordance with international standards. This means that our products can be used safely for global projects.<\/p>\n<p><strong>Corrosion Resistance:<\/strong><br \/>\nEspecially in galvanized and stainless steel pipes shows superior resistance to corrosion. This feature ensures the long life of the tube.<\/p>\n<p><strong>High Pressure Resistance:<\/strong><br \/>\nOur industry and seamless pipes are manufactured to withstand high pressure, and this makes them ideal for tough industrial environments.<\/p>\n<p><strong>Precision Manufacturing:<\/strong><br \/>\nOur products are manufactured according to precise measurement tolerances, pipe, and this provides the perfect fit and performance to your projects.<\/p>\n<h4>Application Areas:<\/h4>\n<p>Pipe Group products, construction, energy, transportation, water and gas, automotive, food and are used in various industries such as chemical. Our wide range of product for various needs, with reliable solutions for your projects.<\/p>\n\n\t\t<\/div>\n\t<\/div>\n<\/div><\/div><\/div>\n<\/section>","protected":false},"excerpt":{"rendered":"1. Kare ve Dikd\u00f6rtgen Borular: Kare Borular: Y\u00fcksek mukavemet ve estetik g\u00f6r\u00fcn\u00fcm sunan kare borular, \u00e7elik konstr\u00fcksiyonlar, makine imalat\u0131 ve dekoratif uygulamalarda s\u0131k\u00e7a kullan\u0131l\u0131r. \u00c7e\u015fitli ebat ve kal\u0131nl\u0131k se\u00e7enekleri ile esneklik sunar. Dikd\u00f6rtgen Borular: Dayan\u0131kl\u0131 ve \u00e7ok y\u00f6nl\u00fc kullan\u0131m imkan\u0131 sunan dikd\u00f6rtgen borular, in\u015faat, otomotiv ve mobilya sekt\u00f6rlerinde geni\u015f bir kullan\u0131m alan\u0131na sahiptir. Hafifli\u011fi ve [...]","protected":false},"author":1,"featured_media":0,"parent":2632,"menu_order":0,"comment_status":"closed","ping_status":"closed","template":"","meta":{"footnotes":""},"class_list":["post-2778","page","type-page","status-publish","hentry"],"_links":{"self":[{"href":"https:\/\/www.ngscelik.com.tr\/en\/wp-json\/wp\/v2\/pages\/2778","targetHints":{"allow":["GET"]}}],"collection":[{"href":"https:\/\/www.ngscelik.com.tr\/en\/wp-json\/wp\/v2\/pages"}],"about":[{"href":"https:\/\/www.ngscelik.com.tr\/en\/wp-json\/wp\/v2\/types\/page"}],"author":[{"embeddable":true,"href":"https:\/\/www.ngscelik.com.tr\/en\/wp-json\/wp\/v2\/users\/1"}],"replies":[{"embeddable":true,"href":"https:\/\/www.ngscelik.com.tr\/en\/wp-json\/wp\/v2\/comments?post=2778"}],"version-history":[{"count":4,"href":"https:\/\/www.ngscelik.com.tr\/en\/wp-json\/wp\/v2\/pages\/2778\/revisions"}],"predecessor-version":[{"id":2873,"href":"https:\/\/www.ngscelik.com.tr\/en\/wp-json\/wp\/v2\/pages\/2778\/revisions\/2873"}],"up":[{"embeddable":true,"href":"https:\/\/www.ngscelik.com.tr\/en\/wp-json\/wp\/v2\/pages\/2632"}],"wp:attachment":[{"href":"https:\/\/www.ngscelik.com.tr\/en\/wp-json\/wp\/v2\/media?parent=2778"}],"curies":[{"name":"wp","href":"https:\/\/api.w.org\/{rel}","templated":true}]}}