{"id":2776,"date":"2024-08-25T07:22:56","date_gmt":"2024-08-25T07:22:56","guid":{"rendered":"https:\/\/www.ngscelik.com.tr\/?page_id=2776"},"modified":"2024-08-30T07:17:49","modified_gmt":"2024-08-30T07:17:49","slug":"hadde-grubu","status":"publish","type":"page","link":"https:\/\/www.ngscelik.com.tr\/en\/urunlerimiz\/hadde-grubu\/","title":{"rendered":"ROLLED GROUP"},"content":{"rendered":"<section class=\"wpb-content-wrapper\"><div class=\"vc_row wpb_row row top-row\"><div class=\"vc_column_container col-md-12\"><div class=\"wpb_wrapper vc_column-inner\">\n\t<div class=\"wpb_text_column wpb_content_element\" >\n\t\t<div class=\"wpb_wrapper\">\n\t\t\t<p>Rolling Group products is one of the basic building blocks of iron and steel industry and has a wide range of industrial uses. <strong>NGS Demir \u00c7elik<\/strong> as we offer our customers high quality products and reliable mill.<\/p>\n\n\t\t<\/div>\n\t<\/div>\n<\/div><\/div><\/div><div class=\"vc_row wpb_row row top-row\"><div class=\"vc_column_container col-md-4\"><div class=\"wpb_wrapper vc_column-inner\">\r\n\t<div class=\"wpb_single_image wpb_content_element vc_align_center\">\r\n\t\t<div class=\"wpb_wrapper\">\r\n\t\t\t\r\n\t\t\t<a class=\"prettyphoto\" data-rel=\"prettyPhoto[rel-2776-2351067377]\" href=\"https:\/\/www.ngscelik.com.tr\/wp-content\/uploads\/2024\/08\/hadde-grubu-1.jpg\" target=\"_self\"><div class=\"vc_single_image-wrapper vc_box_shadow_border  vc_box_border_grey\"><img loading=\"lazy\" decoding=\"async\" width=\"800\" height=\"800\" src=\"https:\/\/www.ngscelik.com.tr\/wp-content\/uploads\/2024\/08\/hadde-grubu-1.jpg\" class=\"vc_single_image-img attachment-full\" alt=\"\" title=\"\" srcset=\"https:\/\/www.ngscelik.com.tr\/wp-content\/uploads\/2024\/08\/hadde-grubu-1.jpg 800w, https:\/\/www.ngscelik.com.tr\/wp-content\/uploads\/2024\/08\/hadde-grubu-1-768x768.jpg 768w, https:\/\/www.ngscelik.com.tr\/wp-content\/uploads\/2024\/08\/hadde-grubu-1-640x640.jpg 640w, https:\/\/www.ngscelik.com.tr\/wp-content\/uploads\/2024\/08\/hadde-grubu-1-400x400.jpg 400w\" sizes=\"auto, (max-width: 800px) 100vw, 800px\" \/><\/div><\/a>\r\n\t\t<\/div>\r\n\t<\/div>\r\n<\/div><\/div><div class=\"vc_column_container col-md-4\"><div class=\"wpb_wrapper vc_column-inner\">\r\n\t<div class=\"wpb_single_image wpb_content_element vc_align_center\">\r\n\t\t<div class=\"wpb_wrapper\">\r\n\t\t\t\r\n\t\t\t<a class=\"prettyphoto\" data-rel=\"prettyPhoto[rel-2776-3545306284]\" href=\"https:\/\/www.ngscelik.com.tr\/wp-content\/uploads\/2024\/08\/hadde-grubu-2.jpg\" target=\"_self\"><div class=\"vc_single_image-wrapper vc_box_shadow_border  vc_box_border_grey\"><img loading=\"lazy\" decoding=\"async\" width=\"800\" height=\"800\" src=\"https:\/\/www.ngscelik.com.tr\/wp-content\/uploads\/2024\/08\/hadde-grubu-2.jpg\" class=\"vc_single_image-img attachment-full\" alt=\"\" title=\"\" srcset=\"https:\/\/www.ngscelik.com.tr\/wp-content\/uploads\/2024\/08\/hadde-grubu-2.jpg 800w, https:\/\/www.ngscelik.com.tr\/wp-content\/uploads\/2024\/08\/hadde-grubu-2-768x768.jpg 768w, https:\/\/www.ngscelik.com.tr\/wp-content\/uploads\/2024\/08\/hadde-grubu-2-640x640.jpg 640w, https:\/\/www.ngscelik.com.tr\/wp-content\/uploads\/2024\/08\/hadde-grubu-2-400x400.jpg 400w\" sizes=\"auto, (max-width: 800px) 100vw, 800px\" \/><\/div><\/a>\r\n\t\t<\/div>\r\n\t<\/div>\r\n<\/div><\/div><div class=\"vc_column_container col-md-4\"><div class=\"wpb_wrapper vc_column-inner\">\r\n\t<div class=\"wpb_single_image wpb_content_element vc_align_center\">\r\n\t\t<div class=\"wpb_wrapper\">\r\n\t\t\t\r\n\t\t\t<a class=\"prettyphoto\" data-rel=\"prettyPhoto[rel-2776-736769831]\" href=\"https:\/\/www.ngscelik.com.tr\/wp-content\/uploads\/2024\/08\/hadde-grubu-3.jpg\" target=\"_self\"><div class=\"vc_single_image-wrapper vc_box_shadow_border  vc_box_border_grey\"><img loading=\"lazy\" decoding=\"async\" width=\"800\" height=\"800\" src=\"https:\/\/www.ngscelik.com.tr\/wp-content\/uploads\/2024\/08\/hadde-grubu-3.jpg\" class=\"vc_single_image-img attachment-full\" alt=\"\" title=\"\" srcset=\"https:\/\/www.ngscelik.com.tr\/wp-content\/uploads\/2024\/08\/hadde-grubu-3.jpg 800w, https:\/\/www.ngscelik.com.tr\/wp-content\/uploads\/2024\/08\/hadde-grubu-3-768x768.jpg 768w, https:\/\/www.ngscelik.com.tr\/wp-content\/uploads\/2024\/08\/hadde-grubu-3-640x640.jpg 640w, https:\/\/www.ngscelik.com.tr\/wp-content\/uploads\/2024\/08\/hadde-grubu-3-400x400.jpg 400w\" sizes=\"auto, (max-width: 800px) 100vw, 800px\" \/><\/div><\/a>\r\n\t\t<\/div>\r\n\t<\/div>\r\n<\/div><\/div><\/div><div class=\"vc_row wpb_row row top-row\"><div class=\"vc_column_container col-md-12\"><div class=\"wpb_wrapper vc_column-inner\">\n\t<div class=\"wpb_text_column wpb_content_element\" >\n\t\t<div class=\"wpb_wrapper\">\n\t\t\t<h3><strong>Group Products, Rolling<\/strong><\/h3>\n<h4><strong>1. The Profile Bars:<\/strong><\/h4>\n<p><strong>Frame Profile:<\/strong><br \/>\nOffering high strength and durability, frame profiles, especially it is widely used in construction and machinery manufacturing industries.<br \/>\n<strong>Rectangular Profile:<\/strong><br \/>\nLightweight construction and durability with striking rectangular profiles, various steel construction projects is preferred.<br \/>\n<strong>L Profile (Angle):<\/strong><br \/>\nAngle bar, steel structures products are widely used for corner connections. Offer high strength and flexibility with various size options.<\/p>\n<h4>2. I and H Profiles:<\/h4>\n<p><strong>I-Profile:<\/strong><br \/>\nKnown profiles high carrying capacity, especially for heavy load-bearing structures is used. Widely in construction and bridge construction are preferred.<br \/>\n<strong>H Profile:<\/strong><br \/>\nH profiles, broad-based structure due to their high stability and durability it offers. Large-scale industrial projects, especially in the construction are used steel.<\/p>\n<h4>3. NPU and NPI Profiles:<\/h4>\n<p><strong>NPI Profile:<\/strong><br \/>\nOffering high strength and flexibility NPI profile, column and beam construction are used in particular in the construction sector.<br \/>\n<strong>NPU Profile:<\/strong><br \/>\nAlso known as NPU profiles, U profiles, construction and engineering projects, has a wide application area in the manufacture of machinery and carrier systems.<\/p>\n<h4>4. HEA, HEB, HEM Profiles:<\/h4>\n<p><strong>HEA Profile:<\/strong><br \/>\nHea profiles attracts attention with its lighter weight, while increasing the carrying capacity of the structure to reduce weight is ideal.<br \/>\n<strong>HEB Profile:<\/strong><br \/>\nHEB profiles, heavier and stronger structures is used. Bridges, tall buildings, and industrial buildings suitable for a solution.<br \/>\n<strong>BOTH Profile:<\/strong><br \/>\nBoth profiles HEB profile are compared to the thicker and heavier, and this makes them ideal for the most demanding projects.<\/p>\n<h4>Quality and standards:<\/h4>\n<p><strong>High Strength:<\/strong><br \/>\nOwing to their high tensile structure Group rolling our products can be used safely even in challenging projects.<\/p>\n<p><strong>International Standards:<\/strong><br \/>\nMill all our products are ISO certified and are manufactured in accordance with international standards such as En and ASTM. This means that our products can be safely used in projects around the world.<\/p>\n<p><strong>Precision Tolerances:<\/strong><br \/>\nOur products are manufactured according to precise measurement tolerances in the manufacturing process, and during this application provides the perfect fit.<\/p>\n<p><strong>Corrosion Resistance:<\/strong><br \/>\nOur rolled products, with a corrosion resistant coating and various processing techniques, and this is their long-lasting edge.<\/p>\n<h4><strong>Application Areas:<\/strong><\/h4>\n<p>Rolling Group products, from the construction industry, heavy industry, machinery manufacturing offers a wide range of infrastructure projects from use. These products that you need for your projects provides durability and resistance.<\/p>\n\n\t\t<\/div>\n\t<\/div>\n<\/div><\/div><\/div>\n<\/section>","protected":false},"excerpt":{"rendered":"Hadde grubu \u00fcr\u00fcnler, demir-\u00e7elik sekt\u00f6r\u00fcn\u00fcn temel yap\u0131 ta\u015flar\u0131ndan biridir ve geni\u015f bir yelpazede end\u00fcstriyel kullan\u0131m alan\u0131na sahiptir. NGS Demir \u00c7elik olarak, m\u00fc\u015fterilerimize y\u00fcksek kalitede ve g\u00fcvenilir hadde \u00fcr\u00fcnleri sunuyoruz. Hadde Grubu \u00dcr\u00fcnlerimiz 1. Profil Demirleri: Kare Profil: Y\u00fcksek mukavemet ve dayan\u0131kl\u0131l\u0131k sunan kare profiller, \u00f6zellikle in\u015faat ve makine imalat\u0131 sekt\u00f6rlerinde yayg\u0131n olarak kullan\u0131l\u0131r. Dikd\u00f6rtgen Profil: [...]","protected":false},"author":1,"featured_media":0,"parent":2632,"menu_order":0,"comment_status":"closed","ping_status":"closed","template":"","meta":{"footnotes":""},"class_list":["post-2776","page","type-page","status-publish","hentry"],"_links":{"self":[{"href":"https:\/\/www.ngscelik.com.tr\/en\/wp-json\/wp\/v2\/pages\/2776","targetHints":{"allow":["GET"]}}],"collection":[{"href":"https:\/\/www.ngscelik.com.tr\/en\/wp-json\/wp\/v2\/pages"}],"about":[{"href":"https:\/\/www.ngscelik.com.tr\/en\/wp-json\/wp\/v2\/types\/page"}],"author":[{"embeddable":true,"href":"https:\/\/www.ngscelik.com.tr\/en\/wp-json\/wp\/v2\/users\/1"}],"replies":[{"embeddable":true,"href":"https:\/\/www.ngscelik.com.tr\/en\/wp-json\/wp\/v2\/comments?post=2776"}],"version-history":[{"count":5,"href":"https:\/\/www.ngscelik.com.tr\/en\/wp-json\/wp\/v2\/pages\/2776\/revisions"}],"predecessor-version":[{"id":2881,"href":"https:\/\/www.ngscelik.com.tr\/en\/wp-json\/wp\/v2\/pages\/2776\/revisions\/2881"}],"up":[{"embeddable":true,"href":"https:\/\/www.ngscelik.com.tr\/en\/wp-json\/wp\/v2\/pages\/2632"}],"wp:attachment":[{"href":"https:\/\/www.ngscelik.com.tr\/en\/wp-json\/wp\/v2\/media?parent=2776"}],"curies":[{"name":"wp","href":"https:\/\/api.w.org\/{rel}","templated":true}]}}