{"id":2774,"date":"2024-08-25T07:22:30","date_gmt":"2024-08-25T07:22:30","guid":{"rendered":"https:\/\/www.ngscelik.com.tr\/?page_id=2774"},"modified":"2024-08-30T07:18:29","modified_gmt":"2024-08-30T07:18:29","slug":"sac-grubu","status":"publish","type":"page","link":"https:\/\/www.ngscelik.com.tr\/en\/urunlerimiz\/sac-grubu\/","title":{"rendered":"SHEET METAL GROUP"},"content":{"rendered":"<section class=\"wpb-content-wrapper\"><div class=\"vc_row wpb_row row top-row\"><div class=\"vc_column_container col-md-12\"><div class=\"wpb_wrapper vc_column-inner\">\n\t<div class=\"wpb_text_column wpb_content_element\" >\n\t\t<div class=\"wpb_wrapper\">\n\t\t\t<p><strong>NGS Demir \u00c7elik<\/strong> sheet metal products with high quality and a wide product range of the group, we offer our customers. Sheet metal products to suit the requirements of your project in the best way we welcome your various needs.<\/p>\n\n\t\t<\/div>\n\t<\/div>\n<\/div><\/div><\/div><div class=\"vc_row wpb_row row top-row\"><div class=\"vc_column_container col-md-4\"><div class=\"wpb_wrapper vc_column-inner\">\r\n\t<div class=\"wpb_single_image wpb_content_element vc_align_center\">\r\n\t\t<div class=\"wpb_wrapper\">\r\n\t\t\t\r\n\t\t\t<a class=\"prettyphoto\" data-rel=\"prettyPhoto[rel-2774-2066970789]\" href=\"https:\/\/www.ngscelik.com.tr\/wp-content\/uploads\/2024\/08\/sac-grubu.jpg\" target=\"_self\"><div class=\"vc_single_image-wrapper vc_box_shadow_border  vc_box_border_grey\"><img loading=\"lazy\" decoding=\"async\" width=\"800\" height=\"800\" src=\"https:\/\/www.ngscelik.com.tr\/wp-content\/uploads\/2024\/08\/sac-grubu.jpg\" class=\"vc_single_image-img attachment-full\" alt=\"\" title=\"\" srcset=\"https:\/\/www.ngscelik.com.tr\/wp-content\/uploads\/2024\/08\/sac-grubu.jpg 800w, https:\/\/www.ngscelik.com.tr\/wp-content\/uploads\/2024\/08\/sac-grubu-768x768.jpg 768w, https:\/\/www.ngscelik.com.tr\/wp-content\/uploads\/2024\/08\/sac-grubu-640x640.jpg 640w, https:\/\/www.ngscelik.com.tr\/wp-content\/uploads\/2024\/08\/sac-grubu-400x400.jpg 400w\" sizes=\"auto, (max-width: 800px) 100vw, 800px\" \/><\/div><\/a>\r\n\t\t<\/div>\r\n\t<\/div>\r\n<\/div><\/div><div class=\"vc_column_container col-md-4\"><div class=\"wpb_wrapper vc_column-inner\">\r\n\t<div class=\"wpb_single_image wpb_content_element vc_align_center\">\r\n\t\t<div class=\"wpb_wrapper\">\r\n\t\t\t\r\n\t\t\t<a class=\"prettyphoto\" data-rel=\"prettyPhoto[rel-2774-2007848486]\" href=\"https:\/\/www.ngscelik.com.tr\/wp-content\/uploads\/2024\/08\/sac-grubu-1.jpg\" target=\"_self\"><div class=\"vc_single_image-wrapper vc_box_shadow_border  vc_box_border_grey\"><img loading=\"lazy\" decoding=\"async\" width=\"800\" height=\"800\" src=\"https:\/\/www.ngscelik.com.tr\/wp-content\/uploads\/2024\/08\/sac-grubu-1.jpg\" class=\"vc_single_image-img attachment-full\" alt=\"\" title=\"\" srcset=\"https:\/\/www.ngscelik.com.tr\/wp-content\/uploads\/2024\/08\/sac-grubu-1.jpg 800w, https:\/\/www.ngscelik.com.tr\/wp-content\/uploads\/2024\/08\/sac-grubu-1-768x768.jpg 768w, https:\/\/www.ngscelik.com.tr\/wp-content\/uploads\/2024\/08\/sac-grubu-1-640x640.jpg 640w, https:\/\/www.ngscelik.com.tr\/wp-content\/uploads\/2024\/08\/sac-grubu-1-400x400.jpg 400w\" sizes=\"auto, (max-width: 800px) 100vw, 800px\" \/><\/div><\/a>\r\n\t\t<\/div>\r\n\t<\/div>\r\n<\/div><\/div><div class=\"vc_column_container col-md-4\"><div class=\"wpb_wrapper vc_column-inner\">\r\n\t<div class=\"wpb_single_image wpb_content_element vc_align_center\">\r\n\t\t<div class=\"wpb_wrapper\">\r\n\t\t\t\r\n\t\t\t<a class=\"prettyphoto\" data-rel=\"prettyPhoto[rel-2774-2035546453]\" href=\"https:\/\/www.ngscelik.com.tr\/wp-content\/uploads\/2024\/08\/sac-grubu-2.jpg\" target=\"_self\"><div class=\"vc_single_image-wrapper vc_box_shadow_border  vc_box_border_grey\"><img loading=\"lazy\" decoding=\"async\" width=\"800\" height=\"800\" src=\"https:\/\/www.ngscelik.com.tr\/wp-content\/uploads\/2024\/08\/sac-grubu-2.jpg\" class=\"vc_single_image-img attachment-full\" alt=\"\" title=\"\" srcset=\"https:\/\/www.ngscelik.com.tr\/wp-content\/uploads\/2024\/08\/sac-grubu-2.jpg 800w, https:\/\/www.ngscelik.com.tr\/wp-content\/uploads\/2024\/08\/sac-grubu-2-768x768.jpg 768w, https:\/\/www.ngscelik.com.tr\/wp-content\/uploads\/2024\/08\/sac-grubu-2-640x640.jpg 640w, https:\/\/www.ngscelik.com.tr\/wp-content\/uploads\/2024\/08\/sac-grubu-2-400x400.jpg 400w\" sizes=\"auto, (max-width: 800px) 100vw, 800px\" \/><\/div><\/a>\r\n\t\t<\/div>\r\n\t<\/div>\r\n<\/div><\/div><\/div><div class=\"vc_row wpb_row row top-row\"><div class=\"vc_column_container col-md-12\"><div class=\"wpb_wrapper vc_column-inner\">\n\t<div class=\"wpb_text_column wpb_content_element\" >\n\t\t<div class=\"wpb_wrapper\">\n\t\t\t<h4><strong>Our Range Of Products:<\/strong><\/h4>\n<p><strong>1. Hot rolled steel plate (HRP):<\/strong><br \/>\nThe hot-rolled sheet structure with high resistance to automotive, ranging from our industry has a wide use. Featured with durability and quality, these products it is often desirable in industrial applications.<\/p>\n<p><strong>2. Cold-rolled sheet (CRP):<\/strong><br \/>\nCold rolled our sheet metal, draws attention to surface quality and accuracy. Projects that require fine workmanship, especially in the automotive and white goods sectors preferred in the sheet metal, provides excellent surface finish.<\/p>\n<p><strong>3. Galvanized Steel Sheet:<\/strong><br \/>\nEnhanced durability against corrosion of galvanized steel, which is long-lasting and durable solutions. Construction, energy and automotive industries are widely used in this sheet metal will be a reliable choice for your projects.<\/p>\n<p><strong>4. Painted Sheet Metal:<\/strong><br \/>\nOffering a combination of aesthetic and protective features, our painted sheet metal, color, and surface coatings, and exterior options can be used in architectural projects. Our products also offers high resistance against external influences.<\/p>\n<p><strong>5. Stainless Steel:<\/strong><br \/>\nHigh durability, corrosion resistance and aesthetic appearance of our sheet metal offers stainless, food, health, and chemical industries such as preferred. Our stainless sheet metal, ideal in all areas that require hygiene and durability solutions.<\/p>\n<h4><strong>Quality and trust:<\/strong><\/h4>\n<p>Our products are manufactured in accordance with international standards for sheet metal and must pass a quality control process. The reliability and quality you need for your projects NGS we are providing to you as iron and steel.<\/p>\n<h4><strong>Application Areas:<\/strong><\/h4>\n<p>Our sheet metal products to construction, automotive, energy, are used in many sectors such as white goods. Our wide product range offers you flexibility at every stage of your project and solution oriented.<\/p>\n\n\t\t<\/div>\n\t<\/div>\n<\/div><\/div><\/div>\n<\/section>","protected":false},"excerpt":{"rendered":"NGS Demir \u00c7elik olarak, sac grubu \u00fcr\u00fcnlerinde y\u00fcksek kaliteyi ve geni\u015f bir \u00fcr\u00fcn yelpazesini m\u00fc\u015fterilerimize sunuyoruz. Projelerinizin gereksinimlerine uygun \u00e7e\u015fitli sac \u00fcr\u00fcnleri ile ihtiya\u00e7lar\u0131n\u0131z\u0131 en iyi \u015fekilde kar\u015f\u0131l\u0131yoruz. \u00dcr\u00fcn Yelpazemiz: 1. S\u0131cak Haddelenmi\u015f Sac (HRP): Y\u00fcksek mukavemete sahip olan s\u0131cak haddelenmi\u015f saclar\u0131m\u0131z, yap\u0131 sekt\u00f6r\u00fcnden otomotive kadar geni\u015f bir kullan\u0131m alan\u0131na sahiptir. Dayan\u0131kl\u0131l\u0131\u011f\u0131 ve kalitesi ile [...]","protected":false},"author":1,"featured_media":0,"parent":2632,"menu_order":0,"comment_status":"closed","ping_status":"closed","template":"","meta":{"footnotes":""},"class_list":["post-2774","page","type-page","status-publish","hentry"],"_links":{"self":[{"href":"https:\/\/www.ngscelik.com.tr\/en\/wp-json\/wp\/v2\/pages\/2774","targetHints":{"allow":["GET"]}}],"collection":[{"href":"https:\/\/www.ngscelik.com.tr\/en\/wp-json\/wp\/v2\/pages"}],"about":[{"href":"https:\/\/www.ngscelik.com.tr\/en\/wp-json\/wp\/v2\/types\/page"}],"author":[{"embeddable":true,"href":"https:\/\/www.ngscelik.com.tr\/en\/wp-json\/wp\/v2\/users\/1"}],"replies":[{"embeddable":true,"href":"https:\/\/www.ngscelik.com.tr\/en\/wp-json\/wp\/v2\/comments?post=2774"}],"version-history":[{"count":8,"href":"https:\/\/www.ngscelik.com.tr\/en\/wp-json\/wp\/v2\/pages\/2774\/revisions"}],"predecessor-version":[{"id":2877,"href":"https:\/\/www.ngscelik.com.tr\/en\/wp-json\/wp\/v2\/pages\/2774\/revisions\/2877"}],"up":[{"embeddable":true,"href":"https:\/\/www.ngscelik.com.tr\/en\/wp-json\/wp\/v2\/pages\/2632"}],"wp:attachment":[{"href":"https:\/\/www.ngscelik.com.tr\/en\/wp-json\/wp\/v2\/media?parent=2774"}],"curies":[{"name":"wp","href":"https:\/\/api.w.org\/{rel}","templated":true}]}}