{"id":2632,"date":"2023-05-04T08:34:13","date_gmt":"2023-05-04T08:34:13","guid":{"rendered":"https:\/\/www.ngscelik.com.tr\/?page_id=2632"},"modified":"2024-08-26T06:41:35","modified_gmt":"2024-08-26T06:41:35","slug":"urunlerimiz","status":"publish","type":"page","link":"https:\/\/www.ngscelik.com.tr\/en\/urunlerimiz\/","title":{"rendered":"PRODUCTS"},"content":{"rendered":"<section class=\"wpb-content-wrapper\"><div class=\"vc_row wpb_row row top-row\"><div class=\"vc_column_container col-md-4\"><div class=\"wpb_wrapper vc_column-inner\"><div class=\"porto-image-frame\"><div class=\"thumb-info thumb-info-lighten\"><a href=\"https:\/\/www.ngscelik.com.tr\/en\/urunlerimiz\/sac-grubu\/\" title=\"SHEET METAL GROUP\" target=\"_self\"><span class=\"thumb-info-wrapper\"><img loading=\"lazy\" decoding=\"async\" alt=\"\" src=\"\/\/www.ngscelik.com.tr\/wp-content\/uploads\/2024\/08\/sac-urunleri-img.jpg\" class=\"img-responsive\" width=\"800\" height=\"600\"><span class=\"thumb-info-title\"><span class=\"thumb-info-inner\">SHEET METAL GROUP<em><\/em><\/span><span class=\"thumb-info-type\">NGS DEM\u0130R \u00c7EL\u0130K<\/span><\/span><span class=\"thumb-info-action\"><span class=\"thumb-info-action-icon\"><i class=\"fas fa-link\"><\/i><\/span><\/span><\/span><\/a><\/div><\/div><\/div><\/div><div class=\"vc_column_container col-md-4\"><div class=\"wpb_wrapper vc_column-inner\"><div class=\"porto-image-frame\"><div class=\"thumb-info thumb-info-lighten\"><a href=\"https:\/\/www.ngscelik.com.tr\/en\/urunlerimiz\/hadde-grubu\/\" title=\"ROLLED GROUP\" target=\"_self\"><span class=\"thumb-info-wrapper\"><img loading=\"lazy\" decoding=\"async\" alt=\"\" src=\"\/\/www.ngscelik.com.tr\/wp-content\/uploads\/2024\/08\/hadde-grubu-img.jpg\" class=\"img-responsive\" width=\"800\" height=\"600\"><span class=\"thumb-info-title\"><span class=\"thumb-info-inner\">ROLLED GROUP<em><\/em><\/span><span class=\"thumb-info-type\">NGS DEM\u0130R \u00c7EL\u0130K<\/span><\/span><span class=\"thumb-info-action\"><span class=\"thumb-info-action-icon\"><i class=\"fas fa-link\"><\/i><\/span><\/span><\/span><\/a><\/div><\/div><\/div><\/div><div class=\"vc_column_container col-md-4\"><div class=\"wpb_wrapper vc_column-inner\"><div class=\"porto-image-frame\"><div class=\"thumb-info thumb-info-lighten\"><a href=\"https:\/\/www.ngscelik.com.tr\/en\/urunlerimiz\/boru-grubu\/\" title=\"PIPE GROUP\" target=\"_self\"><span class=\"thumb-info-wrapper\"><img loading=\"lazy\" decoding=\"async\" alt=\"\" src=\"\/\/www.ngscelik.com.tr\/wp-content\/uploads\/2024\/08\/boru-grubu-img.jpg\" class=\"img-responsive\" width=\"800\" height=\"600\"><span class=\"thumb-info-title\"><span class=\"thumb-info-inner\">PIPE GROUP<em><\/em><\/span><span class=\"thumb-info-type\">NGS DEM\u0130R \u00c7EL\u0130K<\/span><\/span><span class=\"thumb-info-action\"><span class=\"thumb-info-action-icon\"><i class=\"fas fa-link\"><\/i><\/span><\/span><\/span><\/a><\/div><\/div><\/div><\/div><\/div><div class=\"vc_row wpb_row row top-row\"><div class=\"vc_column_container col-md-4\"><div class=\"wpb_wrapper vc_column-inner\"><div class=\"porto-image-frame\"><div class=\"thumb-info thumb-info-lighten\"><a href=\"https:\/\/www.ngscelik.com.tr\/en\/urunlerimiz\/yalitim-grubu\/\" title=\"INSULATION GROUP\" target=\"_self\"><span class=\"thumb-info-wrapper\"><img loading=\"lazy\" decoding=\"async\" alt=\"\" src=\"\/\/www.ngscelik.com.tr\/wp-content\/uploads\/2024\/08\/yalitim-grubu-img.jpg\" class=\"img-responsive\" width=\"800\" height=\"600\"><span class=\"thumb-info-title\"><span class=\"thumb-info-inner\">INSULATION GROUP<em><\/em><\/span><span class=\"thumb-info-type\">NGS DEM\u0130R \u00c7EL\u0130K<\/span><\/span><span class=\"thumb-info-action\"><span class=\"thumb-info-action-icon\"><i class=\"fas fa-link\"><\/i><\/span><\/span><\/span><\/a><\/div><\/div><\/div><\/div><div class=\"vc_column_container col-md-4\"><div class=\"wpb_wrapper vc_column-inner\"><div class=\"porto-image-frame\"><div class=\"thumb-info thumb-info-lighten\"><a href=\"https:\/\/www.ngscelik.com.tr\/en\/urunlerimiz\/cati-grubu\/\" title=\"ROOF GROUP\" target=\"_self\"><span class=\"thumb-info-wrapper\"><img loading=\"lazy\" decoding=\"async\" alt=\"\" src=\"\/\/www.ngscelik.com.tr\/wp-content\/uploads\/2024\/08\/cati-grubu-img.jpg\" class=\"img-responsive\" width=\"800\" height=\"600\"><span class=\"thumb-info-title\"><span class=\"thumb-info-inner\">ROOF GROUP<em><\/em><\/span><span class=\"thumb-info-type\">NGS DEM\u0130R \u00c7EL\u0130K<\/span><\/span><span class=\"thumb-info-action\"><span class=\"thumb-info-action-icon\"><i class=\"fas fa-link\"><\/i><\/span><\/span><\/span><\/a><\/div><\/div><\/div><\/div><div class=\"vc_column_container col-md-4\"><div class=\"wpb_wrapper vc_column-inner\"><div class=\"porto-image-frame\"><div class=\"thumb-info thumb-info-lighten\"><a href=\"https:\/\/www.ngscelik.com.tr\/en\/urunlerimiz\/asma-tavan-grubu\/\" title=\"SUSPENDED CEILING GROUP\" target=\"_self\"><span class=\"thumb-info-wrapper\"><img loading=\"lazy\" decoding=\"async\" alt=\"\" src=\"\/\/www.ngscelik.com.tr\/wp-content\/uploads\/2024\/08\/asma-tavan-paneli-img.jpg\" class=\"img-responsive\" width=\"800\" height=\"600\"><span class=\"thumb-info-title\"><span class=\"thumb-info-inner\">SUSPENDED CEILING GROUP<em><\/em><\/span><span class=\"thumb-info-type\">NGS DEM\u0130R \u00c7EL\u0130K<\/span><\/span><span class=\"thumb-info-action\"><span class=\"thumb-info-action-icon\"><i class=\"fas fa-link\"><\/i><\/span><\/span><\/span><\/a><\/div><\/div><\/div><\/div><\/div><div class=\"vc_row wpb_row row top-row\"><div class=\"vc_column_container col-md-4\"><div class=\"wpb_wrapper vc_column-inner\"><div class=\"porto-image-frame\"><div class=\"thumb-info thumb-info-lighten\"><a href=\"https:\/\/www.ngscelik.com.tr\/en\/urunlerimiz\/boru-ek-parca-grubu\/\" title=\"PIPE FITTINGS GROUP\" target=\"_self\"><span class=\"thumb-info-wrapper\"><img loading=\"lazy\" decoding=\"async\" alt=\"\" src=\"\/\/www.ngscelik.com.tr\/wp-content\/uploads\/2024\/08\/boru-ek-parca-img.jpg\" class=\"img-responsive\" width=\"800\" height=\"600\"><span class=\"thumb-info-title\"><span class=\"thumb-info-inner\">PIPE FITTINGS GROUP<em><\/em><\/span><span class=\"thumb-info-type\">NGS DEM\u0130R \u00c7EL\u0130K<\/span><\/span><span class=\"thumb-info-action\"><span class=\"thumb-info-action-icon\"><i class=\"fas fa-link\"><\/i><\/span><\/span><\/span><\/a><\/div><\/div><\/div><\/div><div class=\"vc_column_container col-md-4\"><div class=\"wpb_wrapper vc_column-inner\"><\/div><\/div><div class=\"vc_column_container col-md-4\"><div class=\"wpb_wrapper vc_column-inner\"><\/div><\/div><\/div>\n<\/section>","protected":false},"excerpt":{"rendered":"SAC GRUBUNGS DEM\u0130R \u00c7EL\u0130KHADDE GRUBUNGS DEM\u0130R \u00c7EL\u0130KBORU GRUBUNGS DEM\u0130R \u00c7EL\u0130KYALITIM GRUBUNGS DEM\u0130R \u00c7EL\u0130K\u00c7ATI GRUBUNGS DEM\u0130R \u00c7EL\u0130KASMA TAVAN GRUBUNGS DEM\u0130R \u00c7EL\u0130KBORU EK PAR\u00c7A GRUBUNGS DEM\u0130R \u00c7EL\u0130K","protected":false},"author":1,"featured_media":0,"parent":0,"menu_order":0,"comment_status":"closed","ping_status":"closed","template":"","meta":{"footnotes":""},"class_list":["post-2632","page","type-page","status-publish","hentry"],"_links":{"self":[{"href":"https:\/\/www.ngscelik.com.tr\/en\/wp-json\/wp\/v2\/pages\/2632","targetHints":{"allow":["GET"]}}],"collection":[{"href":"https:\/\/www.ngscelik.com.tr\/en\/wp-json\/wp\/v2\/pages"}],"about":[{"href":"https:\/\/www.ngscelik.com.tr\/en\/wp-json\/wp\/v2\/types\/page"}],"author":[{"embeddable":true,"href":"https:\/\/www.ngscelik.com.tr\/en\/wp-json\/wp\/v2\/users\/1"}],"replies":[{"embeddable":true,"href":"https:\/\/www.ngscelik.com.tr\/en\/wp-json\/wp\/v2\/comments?post=2632"}],"version-history":[{"count":8,"href":"https:\/\/www.ngscelik.com.tr\/en\/wp-json\/wp\/v2\/pages\/2632\/revisions"}],"predecessor-version":[{"id":2634,"href":"https:\/\/www.ngscelik.com.tr\/en\/wp-json\/wp\/v2\/pages\/2632\/revisions\/2634"}],"wp:attachment":[{"href":"https:\/\/www.ngscelik.com.tr\/en\/wp-json\/wp\/v2\/media?parent=2632"}],"curies":[{"name":"wp","href":"https:\/\/api.w.org\/{rel}","templated":true}]}}