{"id":143,"date":"2016-06-20T07:48:11","date_gmt":"2016-06-20T07:48:11","guid":{"rendered":"http:\/\/sw-themes.com\/porto_dummy\/?page_id=143"},"modified":"2024-08-25T14:27:44","modified_gmt":"2024-08-25T14:27:44","slug":"home","status":"publish","type":"page","link":"https:\/\/www.ngscelik.com.tr\/en\/","title":{"rendered":"HOME"},"content":{"rendered":"<section class=\"wpb-content-wrapper\"><div class=\"vc_row wpb_row top-row background-color-dark vc_custom_1724491373323 vc_row-has-fill porto-inner-container\"><div class=\"porto-wrap-container container\"><div class=\"row align-items-center\"><div class=\"mb-md-0 mb-4 vc_column_container col-md-8\"><div class=\"wpb_wrapper vc_column-inner\"><h2 style=\"font-size: 1.4em;line-height: 26px;font-weight:600;letter-spacing:-.5px\" class=\"vc_custom_heading text-color-light d-inline mb-0 m-r-xs align-left\" >Beyond Steel, Pursuit of Quality...<\/h2><p style=\"font-size: 1.25em;color: rgba(255,255,255,0.7);font-weight:300;letter-spacing:-.5px\" class=\"vc_custom_heading mb-0 vc_custom_1724491127864 align-left\" >NGS DEM\u0130R \u00c7EL\u0130K<\/p><\/div><\/div><div class=\"text-md-right vc_column_container col-md-4 vc_custom_1645944149970\"><div class=\"wpb_wrapper vc_column-inner\"><div class=\"vc_btn3-container  mb-0 font-weight-semibold vc_btn3-inline\" >\r\n\t<a class=\"vc_btn3 vc_btn3-shape-default wpb_custom_6687b26f39488ddbb85ddb3c1ce8e111 btn btn-lg btn-primary\" style=\"letter-spacing:-.5px; padding:1.15em 1.75em;\" href=\"https:\/\/www.ngscelik.com.tr\/en\/iletisim\/\" title=\"CONTACT US\">Our Contact Information<\/a>\t<\/div>\r\n<\/div><\/div><\/div><\/div><\/div><div class=\"vc_row wpb_row top-row porto-inner-container\"><div class=\"porto-wrap-container container\"><div class=\"row\"><div class=\"vc_column_container col-md-6\"><div class=\"wpb_wrapper vc_column-inner\"><div class=\"vc_empty_space\"   style=\"height: 32px\"><span class=\"vc_empty_space_inner\"><\/span><\/div><h2 style=\"font-size: 25px\" class=\"vc_custom_heading vc_custom_1680978973435 align-left\" ><b>We<\/b> Who are we?<\/h2>\n\t<div class=\"wpb_text_column wpb_content_element\" >\n\t\t<div class=\"wpb_wrapper\">\n\t\t\t<p style=\"text-align: justify;\"><span style=\"font-size: 17px;\">NGS Demir \u00c7elik was established on September 21, 2021 to supply materials to the Akkuyu Nuclear Power Plant under construction in Mersin Akkuyu. Our company serves with the principles of reliable, high quality and timely delivery in order to respond to the needs in the sector in the best way possible.\u201d<\/span><\/p>\n<p style=\"text-align: justify;\"><span style=\"font-size: 17px;\">As a reliable solution partner in the iron and steel industry, we offer quality products to meet the needs of our customers at the highest level. We aim to contribute to the development of the sector by keeping customer satisfaction at the forefront of everything.<\/span><\/p>\n<p style=\"text-align: justify;\"><span style=\"font-size: 17px;\">As NGS Demir \u00c7elik, we aim to be an innovative and leading brand in the sector. Our goal is to establish long-term business partnerships as a preferred company in national and international projects.<\/span><\/p>\n\n\t\t<\/div>\n\t<\/div>\n<div class=\"vc_btn3-container vc_btn3-left\" >\r\n\t<a class=\"vc_btn3 vc_btn3-shape-rounded wpb_custom_6687b26f39488ddbb85ddb3c1ce8e111 vc_btn3-icon-right btn btn-modern btn-md btn-primary\" href=\"https:\/\/www.ngscelik.com.tr\/en\/hakkimizda\/\" title=\"About us\">Read more.. <i class=\"vc_btn3-icon fas fa-angle-double-right\"><\/i><\/a>\t<\/div>\r\n<\/div><\/div><div class=\"vc_column_container col-md-6\"><div class=\"wpb_wrapper vc_column-inner\"><div class=\"vc_empty_space\"   style=\"height: 50px\"><span class=\"vc_empty_space_inner\"><\/span><\/div>\r\n\t<div class=\"wpb_single_image wpb_content_element vc_align_left\">\r\n\t\t<div class=\"wpb_wrapper\">\r\n\t\t\t\r\n\t\t\t<div class=\"vc_single_image-wrapper vc_box_shadow_border_circle  vc_box_border_grey\"><img loading=\"lazy\" decoding=\"async\" width=\"1000\" height=\"1000\" src=\"https:\/\/www.ngscelik.com.tr\/wp-content\/uploads\/2024\/08\/hakkimizda-.jpg\" class=\"vc_single_image-img attachment-full\" alt=\"\" title=\"\" srcset=\"https:\/\/www.ngscelik.com.tr\/wp-content\/uploads\/2024\/08\/hakkimizda-.jpg 1000w, https:\/\/www.ngscelik.com.tr\/wp-content\/uploads\/2024\/08\/hakkimizda--768x768.jpg 768w, https:\/\/www.ngscelik.com.tr\/wp-content\/uploads\/2024\/08\/hakkimizda--640x640.jpg 640w, https:\/\/www.ngscelik.com.tr\/wp-content\/uploads\/2024\/08\/hakkimizda--400x400.jpg 400w\" sizes=\"auto, (max-width: 1000px) 100vw, 1000px\" \/><\/div>\r\n\t\t<\/div>\r\n\t<\/div>\r\n<\/div><\/div><\/div><\/div><\/div><div data-vc-full-width=\"true\" data-vc-full-width-init=\"false\" data-vc-parallax=\"\" class=\"vc_row wpb_row top-row vc_custom_1691319658384 section section-default mt-0 mb-0 section-no-borders vc_row-has-fill vc_general vc_parallax vc_parallax-content-moving porto-inner-container\"><div class=\"porto-wrap-container container\"><div class=\"row\"><div class=\"vc_column_container col-md-12 col-lg-12\"><div class=\"wpb_wrapper vc_column-inner\"><h2 style=\"font-size: 25px;text-align: center\" class=\"vc_custom_heading vc_custom_1691312396403\" ><b>Our Products<\/b><\/h2><div class=\"vc_row wpb_row vc_inner row\"><div class=\"vc_column_container col-md-4\"><div class=\"wpb_wrapper vc_column-inner\"><div class=\"porto-image-frame\"><div class=\"thumb-info thumb-info-lighten\"><a href=\"https:\/\/www.ngscelik.com.tr\/en\/urunlerimiz\/sac-grubu\/\" title=\"SHEET METAL GROUP\" target=\"_self\"><span class=\"thumb-info-wrapper\"><img loading=\"lazy\" decoding=\"async\" alt=\"\" src=\"\/\/www.ngscelik.com.tr\/wp-content\/uploads\/2024\/08\/sac-urunleri-img.jpg\" class=\"img-responsive\" width=\"800\" height=\"600\"><span class=\"thumb-info-title\"><span class=\"thumb-info-inner\">SHEET METAL GROUP<em><\/em><\/span><span class=\"thumb-info-type\">NGS DEM\u0130R \u00c7EL\u0130K<\/span><\/span><span class=\"thumb-info-action\"><span class=\"thumb-info-action-icon\"><i class=\"fas fa-link\"><\/i><\/span><\/span><\/span><\/a><\/div><\/div><\/div><\/div><div class=\"vc_column_container col-md-4\"><div class=\"wpb_wrapper vc_column-inner\"><div class=\"porto-image-frame\"><div class=\"thumb-info thumb-info-lighten\"><a href=\"https:\/\/www.ngscelik.com.tr\/en\/urunlerimiz\/hadde-grubu\/\" title=\"ROLLED GROUP\" target=\"_self\"><span class=\"thumb-info-wrapper\"><img loading=\"lazy\" decoding=\"async\" alt=\"\" src=\"\/\/www.ngscelik.com.tr\/wp-content\/uploads\/2024\/08\/hadde-grubu-img.jpg\" class=\"img-responsive\" width=\"800\" height=\"600\"><span class=\"thumb-info-title\"><span class=\"thumb-info-inner\">ROLLED GROUP<em><\/em><\/span><span class=\"thumb-info-type\">NGS DEM\u0130R \u00c7EL\u0130K<\/span><\/span><span class=\"thumb-info-action\"><span class=\"thumb-info-action-icon\"><i class=\"fas fa-link\"><\/i><\/span><\/span><\/span><\/a><\/div><\/div><\/div><\/div><div class=\"vc_column_container col-md-4\"><div class=\"wpb_wrapper vc_column-inner\"><div class=\"porto-image-frame\"><div class=\"thumb-info thumb-info-lighten\"><a href=\"https:\/\/www.ngscelik.com.tr\/en\/urunlerimiz\/boru-grubu\/\" title=\"PIPE GROUP\" target=\"_self\"><span class=\"thumb-info-wrapper\"><img loading=\"lazy\" decoding=\"async\" alt=\"\" src=\"\/\/www.ngscelik.com.tr\/wp-content\/uploads\/2024\/08\/boru-grubu-img.jpg\" class=\"img-responsive\" width=\"800\" height=\"600\"><span class=\"thumb-info-title\"><span class=\"thumb-info-inner\">PIPE GROUP<em><\/em><\/span><span class=\"thumb-info-type\">NGS DEM\u0130R \u00c7EL\u0130K<\/span><\/span><span class=\"thumb-info-action\"><span class=\"thumb-info-action-icon\"><i class=\"fas fa-link\"><\/i><\/span><\/span><\/span><\/a><\/div><\/div><\/div><\/div><\/div><div class=\"vc_row wpb_row vc_inner row\"><div class=\"vc_column_container col-md-4\"><div class=\"wpb_wrapper vc_column-inner\"><div class=\"porto-image-frame\"><div class=\"thumb-info thumb-info-lighten\"><a href=\"https:\/\/www.ngscelik.com.tr\/en\/urunlerimiz\/yalitim-grubu\/\" title=\"INSULATION GROUP\" target=\"_self\"><span class=\"thumb-info-wrapper\"><img loading=\"lazy\" decoding=\"async\" alt=\"\" src=\"\/\/www.ngscelik.com.tr\/wp-content\/uploads\/2024\/08\/yalitim-grubu-img.jpg\" class=\"img-responsive\" width=\"800\" height=\"600\"><span class=\"thumb-info-title\"><span class=\"thumb-info-inner\">INSULATION GROUP<em><\/em><\/span><span class=\"thumb-info-type\">NGS DEM\u0130R \u00c7EL\u0130K<\/span><\/span><span class=\"thumb-info-action\"><span class=\"thumb-info-action-icon\"><i class=\"fas fa-link\"><\/i><\/span><\/span><\/span><\/a><\/div><\/div><\/div><\/div><div class=\"vc_column_container col-md-4\"><div class=\"wpb_wrapper vc_column-inner\"><div class=\"porto-image-frame\"><div class=\"thumb-info thumb-info-lighten\"><a href=\"https:\/\/www.ngscelik.com.tr\/en\/urunlerimiz\/cati-grubu\/\" title=\"ROOF GROUP\" target=\"_self\"><span class=\"thumb-info-wrapper\"><img loading=\"lazy\" decoding=\"async\" alt=\"\" src=\"\/\/www.ngscelik.com.tr\/wp-content\/uploads\/2024\/08\/cati-grubu-img.jpg\" class=\"img-responsive\" width=\"800\" height=\"600\"><span class=\"thumb-info-title\"><span class=\"thumb-info-inner\">ROOF GROUP<em><\/em><\/span><span class=\"thumb-info-type\">NGS DEM\u0130R \u00c7EL\u0130K<\/span><\/span><span class=\"thumb-info-action\"><span class=\"thumb-info-action-icon\"><i class=\"fas fa-link\"><\/i><\/span><\/span><\/span><\/a><\/div><\/div><\/div><\/div><div class=\"vc_column_container col-md-4\"><div class=\"wpb_wrapper vc_column-inner\"><div class=\"porto-image-frame\"><div class=\"thumb-info thumb-info-lighten\"><a href=\"https:\/\/www.ngscelik.com.tr\/en\/urunlerimiz\/asma-tavan-grubu\/\" title=\"SUSPENDED CEILING GROUP\" target=\"_self\"><span class=\"thumb-info-wrapper\"><img loading=\"lazy\" decoding=\"async\" alt=\"\" src=\"\/\/www.ngscelik.com.tr\/wp-content\/uploads\/2024\/08\/asma-tavan-paneli-img.jpg\" class=\"img-responsive\" width=\"800\" height=\"600\"><span class=\"thumb-info-title\"><span class=\"thumb-info-inner\">SUSPENDED CEILING GROUP<em><\/em><\/span><span class=\"thumb-info-type\">NGS DEM\u0130R \u00c7EL\u0130K<\/span><\/span><span class=\"thumb-info-action\"><span class=\"thumb-info-action-icon\"><i class=\"fas fa-link\"><\/i><\/span><\/span><\/span><\/a><\/div><\/div><\/div><\/div><\/div><div class=\"vc_row wpb_row vc_inner row\"><div class=\"vc_column_container col-md-12\"><div class=\"wpb_wrapper vc_column-inner\"><div class=\"vc_btn3-container vc_btn3-center\" >\r\n\t<a class=\"vc_btn3 vc_btn3-shape-rounded wpb_custom_6687b26f39488ddbb85ddb3c1ce8e111 vc_btn3-icon-right btn btn-modern btn-md btn-primary\" href=\"https:\/\/www.ngscelik.com.tr\/en\/urunlerimiz\/\" title=\"PRODUCTS\">Show All <i class=\"vc_btn3-icon fas fa-angle-double-right\"><\/i><\/a>\t<\/div>\r\n<\/div><\/div><\/div><\/div><\/div><\/div><\/div><\/div><div class=\"vc_row-full-width vc_clearfix\"><\/div><div data-vc-full-width=\"true\" data-vc-full-width-init=\"false\" data-vc-stretch-content=\"true\" class=\"vc_row wpb_row row top-row vc_row-no-padding\"><div class=\"vc_column_container col-md-12\"><div class=\"wpb_wrapper vc_column-inner\"><\/div><\/div><\/div><div class=\"vc_row-full-width vc_clearfix\"><\/div><div class=\"vc_row wpb_row top-row porto-inner-container\"><div class=\"porto-wrap-container container\"><div class=\"row\"><div class=\"vc_column_container col-md-6\"><div class=\"wpb_wrapper vc_column-inner\"><h2 style=\"font-size: 25px;text-align: center\" class=\"vc_custom_heading vc_custom_1724579147813\" ><b>Contact Form<\/b><\/h2>\n\t<div class=\"wpb_text_column wpb_content_element\" >\n\t\t<div class=\"wpb_wrapper\">\n\t\t\t<div id=\"quform-de737b\" class=\"quform quform-1 quform-theme-light quform-support-page-caching\"><form id=\"quform-form-de737b\" class=\"quform-form quform-form-1\" action=\"\/en\/wp-json\/wp\/v2\/pages\/143#quform-de737b\" method=\"post\" enctype=\"multipart\/form-data\" novalidate=\"novalidate\" data-options=\"{&quot;id&quot;:1,&quot;uniqueId&quot;:&quot;de737b&quot;,&quot;theme&quot;:&quot;light&quot;,&quot;ajax&quot;:true,&quot;logic&quot;:{&quot;logic&quot;:[],&quot;dependents&quot;:[],&quot;elementIds&quot;:[],&quot;dependentElementIds&quot;:[],&quot;animate&quot;:true},&quot;currentPageId&quot;:1,&quot;errorsIcon&quot;:&quot;&quot;,&quot;updateFancybox&quot;:true,&quot;hasPages&quot;:false,&quot;pages&quot;:[1],&quot;pageProgressType&quot;:&quot;numbers&quot;,&quot;tooltipsEnabled&quot;:true,&quot;tooltipClasses&quot;:&quot;qtip-quform-dark qtip-shadow&quot;,&quot;tooltipMy&quot;:&quot;left center&quot;,&quot;tooltipAt&quot;:&quot;right center&quot;,&quot;isRtl&quot;:false,&quot;scrollOffset&quot;:-50,&quot;scrollSpeed&quot;:800}\" data-trp-original-action=\"\/en\/wp-json\/wp\/v2\/pages\/143#quform-de737b\"><button class=\"quform-default-submit\" name=\"quform_submit\" type=\"submit\" value=\"submit\" aria-hidden=\"true\" tabindex=\"-1\"><\/button><div class=\"quform-form-inner quform-form-inner-1\"><input type=\"hidden\" name=\"quform_form_id\" value=\"1\" \/><input type=\"hidden\" name=\"quform_form_uid\" value=\"de737b\" \/><input type=\"hidden\" name=\"quform_count\" value=\"1\" \/><input type=\"hidden\" name=\"form_url\" value=\"https:\/\/www.ngscelik.com.tr\/en\/wp-json\/wp\/v2\/pages\/143\" \/><input type=\"hidden\" name=\"referring_url\" value=\"\" \/><input type=\"hidden\" name=\"post_id\" value=\"\" \/><input type=\"hidden\" name=\"post_title\" value=\"\" \/><input type=\"hidden\" name=\"quform_current_page_id\" value=\"1\" \/><input type=\"hidden\" name=\"quform_csrf_token\" value=\"Xel6UrovGEJxK9WJ9XljwKV9F9lMXtvmj8aJQQRa\" \/><div class=\"quform-elements quform-elements-1 quform-cf quform-responsive-elements-phone-landscape\"><div class=\"quform-element quform-element-page quform-page-1 quform-page-1_1 quform-cf quform-group-style-plain quform-first-page quform-last-page quform-current-page\"><div class=\"quform-child-elements\"><div class=\"quform-element quform-element-text quform-element-1_12 quform-cf quform-labels-inside quform-element-required\"><div class=\"quform-spacer\"><div class=\"quform-label quform-label-1_12\"><span class=\"quform-label-icon\"><i class=\"fa fa-user\"><\/i><\/span><label class=\"quform-label-text\" for=\"quform_1_12_de737b\">Your Name And Surname<span class=\"quform-required\">*<\/span><\/label><\/div><div class=\"quform-inner quform-inner-text quform-inner-1_12\"><div class=\"quform-input quform-input-text quform-input-1_12 quform-cf\"><input type=\"text\" id=\"quform_1_12_de737b\" name=\"quform_1_12\" class=\"quform-field quform-field-text quform-field-1_12\" \/><\/div><\/div><\/div><\/div><div class=\"quform-element quform-element-row quform-element-row-1_4 quform-2-columns quform-element-row-size-fixed quform-responsive-columns-phone-landscape\"><div class=\"quform-element quform-element-column quform-element-1_5\"><div class=\"quform-element quform-element-email quform-element-1_7 quform-cf quform-labels-inside quform-element-required\"><div class=\"quform-spacer\"><div class=\"quform-label quform-label-1_7\"><span class=\"quform-label-icon\"><i class=\"fa fa-envelope\"><\/i><\/span><label class=\"quform-label-text\" for=\"quform_1_7_de737b\">E-mail address<span class=\"quform-required\">*<\/span><\/label><\/div><div class=\"quform-inner quform-inner-email quform-inner-1_7\"><div class=\"quform-input quform-input-email quform-input-1_7 quform-cf\"><input type=\"email\" id=\"quform_1_7_de737b\" name=\"quform_1_7\" class=\"quform-field quform-field-email quform-field-1_7\" \/><\/div><\/div><\/div><\/div><\/div><div class=\"quform-element quform-element-column quform-element-1_6\"><div class=\"quform-element quform-element-text quform-element-1_8 quform-cf quform-labels-inside quform-element-optional\"><div class=\"quform-spacer\"><div class=\"quform-label quform-label-1_8\"><span class=\"quform-label-icon\"><i class=\"fa fa-phone\"><\/i><\/span><label class=\"quform-label-text\" for=\"quform_1_8_de737b\">Your Phone Number<\/label><\/div><div class=\"quform-inner quform-inner-text quform-inner-1_8\"><div class=\"quform-input quform-input-text quform-input-1_8 quform-cf\"><input type=\"text\" id=\"quform_1_8_de737b\" name=\"quform_1_8\" class=\"quform-field quform-field-text quform-field-1_8\" \/><\/div><\/div><\/div><\/div><\/div><\/div><div class=\"quform-element quform-element-textarea quform-element-1_9 quform-cf quform-labels-inside quform-element-required\"><div class=\"quform-spacer\"><div class=\"quform-label quform-label-1_9\"><span class=\"quform-label-icon\"><i class=\"fa fa-pencil-square-o\"><\/i><\/span><label class=\"quform-label-text\" for=\"quform_1_9_de737b\">Your message<span class=\"quform-required\">*<\/span><\/label><\/div><div class=\"quform-inner quform-inner-textarea quform-inner-1_9\"><div class=\"quform-input quform-input-textarea quform-input-1_9 quform-cf\"><textarea id=\"quform_1_9_de737b\" name=\"quform_1_9\" class=\"quform-field quform-field-textarea quform-field-1_9\"><\/textarea><\/div><\/div><\/div><\/div><div class=\"quform-element quform-element-captcha quform-element-1_14 quform-cf quform-labels-inside quform-element-required\"><div class=\"quform-spacer\"><div class=\"quform-label quform-label-1_14\"><label class=\"quform-label-text\" for=\"quform_1_14_de737b\">Please type the characters<span class=\"quform-required\">*<\/span><\/label><\/div><div class=\"quform-inner quform-inner-captcha quform-inner-1_14\"><div class=\"quform-input quform-input-captcha quform-input-1_14 quform-cf\"><input type=\"text\" id=\"quform_1_14_de737b\" name=\"quform_1_14\" class=\"quform-field quform-field-captcha quform-field-1_14\" \/><\/div><div class=\"quform-captcha quform-cf\"><div class=\"quform-captcha-image quform-captcha-image-1_14\"><img loading=\"lazy\" decoding=\"async\" class=\"quform-captcha-image-img\" src=\"data:image\/png;base64,iVBORw0KGgoAAAANSUhEUgAAAOYAAABQBAMAAAD\/1xTgAAAAG1BMVEX\/\/\/8iIiLj4+PHx8eQkJCsrKxZWVk9PT10dHR4Bam9AAAACXBIWXMAAA7EAAAOxAGVKw4bAAADqUlEQVRoge1XS1MTQRDe7CPJkVbMclzECEdCoXJkIVAciQbxmNUoHBlFwpEFefxs57nTvQlZLCGlVfNdsjts99fd83XP4HkODg4ODg4ODv87goOdtRlTbgDHMJkl5QpI\/JwhZcAUJ1w8GYXfvzsa4IUOpzve48QLT8YpKF7gGDjbpcp286k4U6AZNQHmxW8d4NkjUSx19+lCr8S5qDeS5\/soxfX7RzoLi6ibQgu987wT+nAPmvH+tD8rtG+kHOfL63WI0Vtm0uMJT3Xaq679p0y3wPfpnMwEVcPdsgtwvkrN8krOOhiUgveFatB7oeIGwIlZPBSGLUrKYK6Csyas4mFeEsYrBq11snGA8jROeVTAaEt5PsCggpPnebad8OBIaeWYiwknQ\/tpipfDaeK9JZ\/5UXX\/NqUrHjAuUDHm0GJudrdXcEYQc7YAk0Qwoq4mIZKV6dDSLnO6UYmzZ3acFZwN+dDEnA1htV3BGYht4n1+ghe5lLe8iBFdNbSyQyg4U072MglxaEqSrQpW0fjl0gI8V\/Y2AV4QEM3u55aTQZtHN7z9Yr\/ydechwwnIYlm3ETqLmyrBgB5bnCz+1ZU+53RoMRsfJrnkJGUbQ68l5E2Ga03JxaeczaKTtUdRZbntA5IDzN9W5Rntm7lQdMui5i95S9Vn30woPIj4vRdkZCx7IqL2zlRKxSFbuzDt6C4vKcu\/FZRXDSOtugozJFILHniPaMTXie0Fy5mRKbZ76bX7B6viME+UmbbIcDnChx7piQrQmHa0LHLMuWy0XQyHhn7o4KFerx4JCFlRSbOfKXaW6Zh8NOxb+nP0WY0cDPdhZbSpGUxWJoFUtqmGufDZY6U+iXORKmoyfHMwWk5TnxSfGEwtiqbX+x5q96S2vfGzfxx1I1hb20ilUkQjwXtdzJtD28iBFlOK5Z2L2oRX0zlr2kmERM5kGFw1rTfF5BQNdX6X4RGQSYn6RKlMJJ1Pv70IX5fit4MEx59P1zbUCEhsVgp2v1RPvZYnmoYvS5RV9GhN7U+EnYV2zNmI30F5fPPPvq6tM7zrqlpVPSom2PZSn5FLWGo5bbd9lFlueWOfoULKkRBU9WhRM1QhfVFYYPExPgmDg+4HaitPmc80g83S5W0Seprzgni7GR3vJJMNEPy9ozOcuMjzpHzrmAAVrBLSX4NrKO4CniX3kO6yePgHQ3IqVNUGj+TtYQhJg80I\/LoLP2ZLyf\/lurueNaWDg4ODg4ODg8O\/hN8NwpewUvLPzgAAAABJRU5ErkJggg==\" alt=\"CAPTCHA image\" data-element-id=\"14\" width=\"115\" height=\"40\" \/><\/div><\/div><\/div><\/div><\/div><div class=\"quform-element quform-element-submit quform-element-1_2 quform-cf quform-button-style-theme quform-button-size-medium quform-button-width-medium\"><div class=\"quform-button-submit quform-button-submit-default quform-button-submit-1_2\" data-animation=\"one\"><button name=\"quform_submit\" type=\"submit\" class=\"quform-submit\" value=\"submit\"><span class=\"quform-button-text quform-button-submit-text\">Send<\/span><\/button><\/div><div class=\"quform-loading quform-loading-position-left quform-loading-type-spinner-1\"><div class=\"quform-loading-inner\"><div class=\"quform-loading-spinner\"><div class=\"quform-loading-spinner-inner\"><\/div><\/div><\/div><\/div><\/div><div class=\"quform-element-tree\"><label for=\"quform_1_0_de737b\">This field should be left blank<\/label><input type=\"text\" id=\"quform_1_0_de737b\" name=\"quform_1_0\" class=\"quform-field quform-field-tree quform-field-1_0\" tabindex=\"-1\" autocomplete=\"off\" \/><\/div><\/div><\/div><\/div><\/div><input type=\"hidden\" name=\"trp-form-language\" value=\"en\"\/><\/form><\/div>\n\n\t\t<\/div>\n\t<\/div>\n<\/div><\/div><div class=\"vc_column_container col-md-6\"><div class=\"wpb_wrapper vc_column-inner\"><h2 style=\"font-size: 25px;text-align: center\" class=\"vc_custom_heading vc_custom_1724579090426\" ><b>Location<\/b><\/h2><div class=\"wpb_gmaps_widget wpb_content_element\"><div class=\"wpb_wrapper\"><div class=\"wpb_map_wraper\"><iframe src=\"https:\/\/www.google.com\/maps\/embed?pb=!1m18!1m12!1m3!1d3187.140978059587!2d35.62263647652208!3d36.982567957397094!2m3!1f0!2f0!3f0!3m2!1i1024!2i768!4f13.1!3m3!1m2!1s0x1528bf789a37a721%3A0xf6d43dc9708bde00!2sNGS%20Demir%20%C3%87elik!5e0!3m2!1str!2str!4v1724578981391!5m2!1str!2str\" width=\"600\" height=\"450\" style=\"border:0;\" allowfullscreen=\"\" loading=\"lazy\" referrerpolicy=\"no-referrer-when-downgrade\"><\/iframe><\/div><\/div><\/div><\/div><\/div><\/div><\/div><\/div>\n<\/section>","protected":false},"excerpt":{"rendered":"\u00c7eli\u011fin \u00d6tesinde, Kalitenin Pe\u015finde...NGS DEM\u0130R \u00c7EL\u0130K \u0130leti\u015fim Bilgilerimiz Biz Kimiz? NGS Demir \u00c7elik, 21 Eyl\u00fcl 2021 tarihinde Mersin Akkuyu'da yap\u0131m\u0131 devam eden Akkuyu N\u00fckleer Santrali'ne malzeme tedari\u011fi sa\u011flamak amac\u0131yla kurulmu\u015ftur. \u015eirketimiz, sekt\u00f6rdeki ihtiya\u00e7lara en iyi \u015fekilde cevap verebilmek i\u00e7in g\u00fcvenilir, kaliteli ve zaman\u0131nda teslimat ilkeleriyle hizmet vermektedir.\" Demir \u00e7elik sekt\u00f6r\u00fcnde g\u00fcvenilir bir \u00e7\u00f6z\u00fcm orta\u011f\u0131 olarak, [...]","protected":false},"author":1,"featured_media":0,"parent":0,"menu_order":0,"comment_status":"closed","ping_status":"closed","template":"","meta":{"footnotes":""},"class_list":["post-143","page","type-page","status-publish","hentry"],"_links":{"self":[{"href":"https:\/\/www.ngscelik.com.tr\/en\/wp-json\/wp\/v2\/pages\/143","targetHints":{"allow":["GET"]}}],"collection":[{"href":"https:\/\/www.ngscelik.com.tr\/en\/wp-json\/wp\/v2\/pages"}],"about":[{"href":"https:\/\/www.ngscelik.com.tr\/en\/wp-json\/wp\/v2\/types\/page"}],"author":[{"embeddable":true,"href":"https:\/\/www.ngscelik.com.tr\/en\/wp-json\/wp\/v2\/users\/1"}],"replies":[{"embeddable":true,"href":"https:\/\/www.ngscelik.com.tr\/en\/wp-json\/wp\/v2\/comments?post=143"}],"version-history":[{"count":49,"href":"https:\/\/www.ngscelik.com.tr\/en\/wp-json\/wp\/v2\/pages\/143\/revisions"}],"predecessor-version":[{"id":2818,"href":"https:\/\/www.ngscelik.com.tr\/en\/wp-json\/wp\/v2\/pages\/143\/revisions\/2818"}],"wp:attachment":[{"href":"https:\/\/www.ngscelik.com.tr\/en\/wp-json\/wp\/v2\/media?parent=143"}],"curies":[{"name":"wp","href":"https:\/\/api.w.org\/{rel}","templated":true}]}}